{"id":14,"date":"2018-07-08T03:12:12","date_gmt":"2018-07-08T03:12:12","guid":{"rendered":"http:\/\/tf.themedraft.com\/wp\/xzopro\/?page_id=14"},"modified":"2025-06-11T21:01:57","modified_gmt":"2025-06-11T21:01:57","slug":"adiministracao-condominios","status":"publish","type":"page","link":"https:\/\/www.liorgest.pt\/index.php\/adiministracao-condominios\/","title":{"rendered":"Administra\u00e7\u00e3o de Condom\u00ednios"},"content":{"rendered":"<div class=\"wpb-content-wrapper\"><p>[vc_row css=&#8221;.vc_custom_1529464796890{padding-top: 92px !important;padding-bottom: 70px !important;}&#8221;][vc_column]\n        <div class=\"section-title-wrapper \" style=\"color: #505050\">\n            <div class=\"row text-center\">\n                <div class=\"col-xl-6 offset-xl-3 col-lg-8 offset-lg-2 col-md-10 offset-md-1\">  \n                    <h2 class=\"section-title\" style=\"color:#27325C\">Administra\u00e7\u00e3o de Condom\u00ednios<\/h2>\n                    <ul class=\"title-shape no-list-style text-center\">\n                        <li style=\"background: #27325C\"><\/li>\n                        <li style=\"background: #27325C\"><\/li>\n                        <li style=\"background: #27325C\"><\/li>\n                    <\/ul>\n                    <p>Conhe\u00e7a melhor os planos que temos a oferecer para administra\u00e7\u00e3o de condom\u00ednios. Realizamos tarefas de diferentes \u00e1reas de modo a proporcionar uma gest\u00e3o mais completa.<\/p>\n\n                <\/div>\n            <\/div>   \n        <\/div>\n    [vc_row_inner][vc_column_inner]<div class=\"row \"><\/div>[\/vc_column_inner][\/vc_row_inner][\/vc_column][\/vc_row][vc_row full_width=&#8221;stretch_row&#8221; css=&#8221;.vc_custom_1531053255183{padding-top: 92px !important;background-color: #f7f7f7 !important;background-position: center !important;background-repeat: no-repeat !important;background-size: cover !important;}&#8221;][vc_column]\n        <div class=\"section-title-wrapper \" style=\"color: #505050\">\n            <div class=\"row text-center\">\n                <div class=\"col-xl-6 offset-xl-3 col-lg-8 offset-lg-2 col-md-10 offset-md-1\">  \n                    <h2 class=\"section-title\" style=\"color:#27325C\">Servi\u00e7o Condom\u00ednio Liorgest<\/h2>\n                    <ul class=\"title-shape no-list-style text-center\">\n                        <li style=\"background: #27325C\"><\/li>\n                        <li style=\"background: #27325C\"><\/li>\n                        <li style=\"background: #27325C\"><\/li>\n                    <\/ul>\n                    \n                <\/div>\n            <\/div>   \n        <\/div>\n    [vc_row_inner css=&#8221;.vc_custom_1531058421195{margin-top: -10px !important;padding-bottom: 70px !important;}&#8221;][vc_column_inner]\n        <div id=\"service-box-584\" class=\"single-service-box service-box-style-2 \">\n            <div class=\"service-content-wrapper\">\n                <div class=\"service-box-icon flaticon\"><i class=\"flaticon-xzopro-science\"><\/i>\n                <\/div>\n                <div class=\"service-box-content\">\n                    <a href=\"https:\/\/www.liorgest.pt\/index.php\/adiministracao-condominios\/\"><h4>Servi\u00e7os Administrativos<\/h4><\/a>\n                    <p>\u2022 Elabora\u00e7\u00e3o e envio de Convocat\u00f3rias<br \/>\n\u2022 Elabora\u00e7\u00e3o e envio da correspond\u00eancia do condom\u00ednio<br \/>\n\u2022 Realiza\u00e7\u00e3o de assembleias ordin\u00e1rias<br \/>\n\u2022 Elabora\u00e7\u00e3o e envio das respectivas actas<br \/>\n\u2022 Verifica\u00e7\u00e3o \/ Execu\u00e7\u00e3o do seguro obrigat\u00f3rio por lei<br \/>\n\u2022 Reunir com a administra\u00e7\u00e3o do condom\u00ednio ou com os cond\u00f3minos sempre que necess\u00e1rio<br \/>\n\u2022 Execu\u00e7\u00e3o das delibera\u00e7\u00f5es tomadas em assembleia do condom\u00ednio<br \/>\n\u2022 Processamento de sal\u00e1rios, com pagamentos \u00e0 Seguran\u00e7a Social e \u00e0 Autoridade Tribut\u00e1ria<br \/>\n\u2022 Pedidos de or\u00e7amentos, de acordo com as instru\u00e7\u00f5es do administrador ou da assembleia<br \/>\n\u2022 Requisi\u00e7\u00e3o das vistorias obrigat\u00f3rias aos equipamentos do edif\u00edcio (elevadores, canaliza\u00e7\u00f5es etc.)<\/p>\n\n                    <a class=\"service-read-more\" href=\"https:\/\/www.liorgest.pt\/index.php\/adiministracao-condominios\/\"><\/a>\n                <\/div>\n            <\/div>\n        <\/div>\n        \n        <style>\n            #service-box-584 .service-box-content,\n            #service-box-584.service-box-style-1 .service-box-icon,\n            #service-box-584 .service-box-content a h4{\n                color: #27325C;\n            }\n            #service-box-584 .service-read-more,\n            #service-box-584 .service-read-more:before,\n            #service-box-584 .service-read-more:hover,\n            #service-box-584.single-service-box:hover a h4{\n                color: #27325C;\n            }\n            \n            #service-box-584.service-box-style-2:hover .service-box-icon{\n                background: #27325C;\n                border-color: #27325C;\n            }\n        <\/style>\n    \n        <div id=\"service-box-409\" class=\"single-service-box service-box-style-2 \">\n            <div class=\"service-content-wrapper\">\n                <div class=\"service-box-icon flaticon\"><i class=\"flaticon-finance-rich\"><\/i>\n                <\/div>\n                <div class=\"service-box-content\">\n                    <a href=\"https:\/\/www.liorgest.pt\/index.php\/adiministracao-condominios\/\"><h4>Servi\u00e7os Financeiros e Contabil\u00edsticos<\/h4><\/a>\n                    <p>\u2022 Colabora\u00e7\u00e3o na abertura das contas banc\u00e1rias em institui\u00e7\u00e3o banc\u00e1ria \u00e0 escolha<br \/>\n\u2022 Elabora\u00e7\u00e3o de mapas de tesouraria anuais (balan\u00e7o e or\u00e7amento)<br \/>\n\u2022 Liquida\u00e7\u00e3o das despesas do condom\u00ednio<br \/>\n\u2022 Emiss\u00e3o e envio, por email ou correio, dos avisos de pagamento das quotas<br \/>\n\u2022 Emiss\u00e3o de recibos relativos \u00e0s quotas<br \/>\n\u2022 Controlo de quotas em atraso e emiss\u00e3o de avisos para cobran\u00e7as de quotas em atraso<br \/>\n\u2022 Apresenta\u00e7\u00e3o de or\u00e7amentos necess\u00e1rios para realizar as opera\u00e7\u00f5es e outros atos necess\u00e1rios \u00e0 conserva\u00e7\u00e3o dos bens comuns<br \/>\n\u2022 Emiss\u00e3o e cobran\u00e7a de recibos do arrendamento de espa\u00e7os comuns (inclui comunica\u00e7\u00e3o \u00e0 Autoridade Tribut\u00e1ria, emiss\u00e3o de recibos electr\u00f3nicos e declara\u00e7\u00e3o, no final do ano, dos valores que cabem a cada cond\u00f3mino)<br \/>\n\u2022 Arquivo apenas em formato digital de toda a documenta\u00e7\u00e3o do condom\u00ednio<\/p>\n\n                    <a class=\"service-read-more\" href=\"https:\/\/www.liorgest.pt\/index.php\/adiministracao-condominios\/\"><\/a>\n                <\/div>\n            <\/div>\n        <\/div>\n        \n        <style>\n            #service-box-409 .service-box-content,\n            #service-box-409.service-box-style-1 .service-box-icon,\n            #service-box-409 .service-box-content a h4{\n                color: #27325C;\n            }\n            #service-box-409 .service-read-more,\n            #service-box-409 .service-read-more:before,\n            #service-box-409 .service-read-more:hover,\n            #service-box-409.single-service-box:hover a h4{\n                color: #27325C;\n            }\n            \n            #service-box-409.service-box-style-2:hover .service-box-icon{\n                background: #27325C;\n                border-color: #27325C;\n            }\n        <\/style>\n    \n        <div id=\"service-box-232\" class=\"single-service-box service-box-style-2 \">\n            <div class=\"service-content-wrapper\">\n                <div class=\"service-box-icon flaticon\"><i class=\"flaticon-new-contract\"><\/i>\n                <\/div>\n                <div class=\"service-box-content\">\n                    <a href=\"https:\/\/www.liorgest.pt\/index.php\/adiministracao-condominios\/\"><h4>Rece\u00e7\u00e3o Do Pr\u00e9dio<\/h4><\/a>\n                    <p>\u2022 Recolha e arquivo (digital) de toda a documenta\u00e7\u00e3o referente ao edif\u00edcio<br \/>\n\u2022 Obrigatoriedade dos propriet\u00e1rios entregarem a caderneta predial e\/ou a certid\u00e3o predial emitida h\u00e1 menos de 6 meses<br \/>\n\u2022 Relat\u00f3rio sobre o estado actual de conserva\u00e7\u00e3o do condom\u00ednio e de desconformidades<\/p>\n\n                    <a class=\"service-read-more\" href=\"https:\/\/www.liorgest.pt\/index.php\/adiministracao-condominios\/\"><\/a>\n                <\/div>\n            <\/div>\n        <\/div>\n        \n        <style>\n            #service-box-232 .service-box-content,\n            #service-box-232.service-box-style-1 .service-box-icon,\n            #service-box-232 .service-box-content a h4{\n                color: #27325C;\n            }\n            #service-box-232 .service-read-more,\n            #service-box-232 .service-read-more:before,\n            #service-box-232 .service-read-more:hover,\n            #service-box-232.single-service-box:hover a h4{\n                color: #27325C;\n            }\n            \n            #service-box-232.service-box-style-2:hover .service-box-icon{\n                background: #27325C;\n                border-color: #27325C;\n            }\n        <\/style>\n    \n        <div id=\"service-box-930\" class=\"single-service-box service-box-style-2 \">\n            <div class=\"service-content-wrapper\">\n                <div class=\"service-box-icon flaticon\"><i class=\"flaticon-xzopro-thinking\"><\/i>\n                <\/div>\n                <div class=\"service-box-content\">\n                    <a href=\"https:\/\/www.liorgest.pt\/index.php\/adiministracao-condominios\/\"><h4>Manuten\u00e7\u00e3o E Repara\u00e7\u00e3o<\/h4><\/a>\n                    <p>\u2022 Portas e Port\u00f5es<br \/>\n\u2022 Ilumina\u00e7\u00e3o<br \/>\n\u2022 Pequenos retoques de pintura<\/p>\n\n                    <a class=\"service-read-more\" href=\"https:\/\/www.liorgest.pt\/index.php\/adiministracao-condominios\/\"><\/a>\n                <\/div>\n            <\/div>\n        <\/div>\n        \n        <style>\n            #service-box-930 .service-box-content,\n            #service-box-930.service-box-style-1 .service-box-icon,\n            #service-box-930 .service-box-content a h4{\n                color: #27325C;\n            }\n            #service-box-930 .service-read-more,\n            #service-box-930 .service-read-more:before,\n            #service-box-930 .service-read-more:hover,\n            #service-box-930.single-service-box:hover a h4{\n                color: #27325C;\n            }\n            \n            #service-box-930.service-box-style-2:hover .service-box-icon{\n                background: #27325C;\n                border-color: #27325C;\n            }\n        <\/style>\n    \n        <div id=\"service-box-363\" class=\"single-service-box service-box-style-2 \">\n            <div class=\"service-content-wrapper\">\n                <div class=\"service-box-icon flaticon\"><i class=\"flaticon-xzopro-business\"><\/i>\n                <\/div>\n                <div class=\"service-box-content\">\n                    <a href=\"https:\/\/www.liorgest.pt\/index.php\/adiministracao-condominios\/\"><h4>Contrata\u00e7\u00e3o De Servi\u00e7os<\/h4><\/a>\n                    <p>\u2022 Celebra\u00e7\u00e3o de contratos de fornecimento de \u00e1gua e eletricidade em nome do condom\u00ednio<br \/>\n\u2022 Celebra\u00e7\u00e3o dos contratos com as empresas, ou pessoas, prestadoras de servi\u00e7os ao condom\u00ednio (servi\u00e7os de limpeza, manuten\u00e7\u00e3o, ascensores, portaria, jardinagem etc.)<\/p>\n\n                    <a class=\"service-read-more\" href=\"https:\/\/www.liorgest.pt\/index.php\/adiministracao-condominios\/\"><\/a>\n                <\/div>\n            <\/div>\n        <\/div>\n        \n        <style>\n            #service-box-363 .service-box-content,\n            #service-box-363.service-box-style-1 .service-box-icon,\n            #service-box-363 .service-box-content a h4{\n                color: #27325C;\n            }\n            #service-box-363 .service-read-more,\n            #service-box-363 .service-read-more:before,\n            #service-box-363 .service-read-more:hover,\n            #service-box-363.single-service-box:hover a h4{\n                color: #27325C;\n            }\n            \n            #service-box-363.service-box-style-2:hover .service-box-icon{\n                background: #27325C;\n                border-color: #27325C;\n            }\n        <\/style>\n    \n        <div id=\"service-box-945\" class=\"single-service-box service-box-style-2 \">\n            <div class=\"service-content-wrapper\">\n                <div class=\"service-box-icon flaticon\"><i class=\"flaticon-xzopro-quality\"><\/i>\n                <\/div>\n                <div class=\"service-box-content\">\n                    <a href=\"https:\/\/www.liorgest.pt\/index.php\/adiministracao-condominios\/\"><h4>Diversos<\/h4><\/a>\n                    <p>\u2022 Verifica\u00e7\u00e3o dos extintores de inc\u00eandio<br \/>\n\u2022 Verifica\u00e7\u00e3o das medidas de autoprote\u00e7\u00e3o<br \/>\n\u2022 Resolu\u00e7\u00e3o de pequenas anomalias gerais<\/p>\n\n                    <a class=\"service-read-more\" href=\"https:\/\/www.liorgest.pt\/index.php\/adiministracao-condominios\/\"><\/a>\n                <\/div>\n            <\/div>\n        <\/div>\n        \n        <style>\n            #service-box-945 .service-box-content,\n            #service-box-945.service-box-style-1 .service-box-icon,\n            #service-box-945 .service-box-content a h4{\n                color: #27325C;\n            }\n            #service-box-945 .service-read-more,\n            #service-box-945 .service-read-more:before,\n            #service-box-945 .service-read-more:hover,\n            #service-box-945.single-service-box:hover a h4{\n                color: #27325C;\n            }\n            \n            #service-box-945.service-box-style-2:hover .service-box-icon{\n                background: #27325C;\n                border-color: #27325C;\n            }\n        <\/style>\n    [\/vc_column_inner][\/vc_row_inner][\/vc_column][\/vc_row][vc_row css=&#8221;.vc_custom_1748864932641{margin-right: -40% !important;margin-left: -40% !important;padding-top: 90px !important;}&#8221;][vc_column]\n        <div class=\"section-title-wrapper vc_custom_1748864725375\" style=\"color: #505050\">\n            <div class=\"row text-center\">\n                <div class=\"col-xl-6 offset-xl-3 col-lg-8 offset-lg-2 col-md-10 offset-md-1\">  \n                    <h2 class=\"section-title\" style=\"color:#27325C\">Outras Val\u00eancias<\/h2>\n                    <ul class=\"title-shape no-list-style text-center\">\n                        <li style=\"background: #27325C\"><\/li>\n                        <li style=\"background: #27325C\"><\/li>\n                        <li style=\"background: #27325C\"><\/li>\n                    <\/ul>\n                    <p>Para al\u00e9m dos servi\u00e7os que prestamos aos nossos clientes, temos ainda ao dispor outras val\u00eancias, atrav\u00e9s dos nossos parceiros, e que ser\u00e3o or\u00e7amentadas \u00e0 parte, consoante as necessidades, tais como:<\/p>\n\n                <\/div>\n            <\/div>   \n        <\/div>\n    [\/vc_column][\/vc_row][vc_row css=&#8221;.vc_custom_1748871725061{margin-top: -100px !important;margin-bottom: 50px !important;padding-top: 100px !important;padding-bottom: 15px !important;padding-left: 75px !important;}&#8221;][vc_column][vc_single_image image=&#8221;96&#8243; img_size=&#8221;full&#8221;]\n    <div class=\"unordered-list-wrap vc_custom_1748865157012\">\n         \n        <h4><\/h4>\n                \n            <div class=\"twial-list short-list no-list-style unordered-list-954 list-icon-type-flaticon\">\n                <ul><li><i class=\"flaticon-xzopro-arrows\"><\/i>Servi\u00e7os de limpeza<\/li><li><i class=\"flaticon-xzopro-arrows\"><\/i>Obras<\/li><li><i class=\"flaticon-xzopro-arrows\"><\/i>Diagn\u00f3stico t\u00e9cnico de frac\u00e7\u00f5es e\/ou zonas comuns de edif\u00edcios<\/li><li><i class=\"flaticon-xzopro-arrows\"><\/i>Fiscaliza\u00e7\u00e3o e\/ou media\u00e7\u00e3o de obras<\/li>\n                <\/ul>\n            <\/div>  \n        \n    <\/div>\n    [\/vc_column][\/vc_row][vc_row css=&#8221;.vc_custom_1748871650625{margin-bottom: 50px !important;}&#8221;][vc_column]\n    \n        <div class=\"xzopro-button-wrapper text-center  vc_custom_1749661836737\">\n            <a href=\"https:\/\/www.liorgest.pt\/index.php\/proposta\/\" id=\"td-btn-81\" class=\"td-btn button-type-fill\">PEDIR PROPOSTA<\/a>\n        <\/div>\n                    \n        \n        \n        <style>\n            #td-btn-81 {\n                color: #FFFFFF;\n            }\n            \n            #td-btn-81:hover {\n                color: #D8BB6C;\n            }\n                    #td-btn-81.button-type-fill{\n \n                        background: #D8BB6C;\n                        border-color: #D8BB6C;\n                    }\n                    \n                    #td-btn-81.button-type-fill:hover{\n \n                        background: #27325C;\n                        border-color: #27325C;  \n                    }\n                \n        <\/style>\n    [\/vc_column][\/vc_row]<\/p>\n<\/div>","protected":false},"excerpt":{"rendered":"<p>[vc_row css=&#8221;.vc_custom_1529464796890{padding-top: 92px !important;padding-bottom: 70px !important;}&#8221;][vc_column][vc_row_inner][vc_column_inner][\/vc_column_inner][\/vc_row_inner][\/vc_column][\/vc_row][vc_row full_width=&#8221;stretch_row&#8221; css=&#8221;.vc_custom_1531053255183{padding-top: 92px !important;background-color: #f7f7f7 !important;background-position: center !important;background-repeat: no-repeat !important;background-size: cover !important;}&#8221;][vc_column][vc_row_inner css=&#8221;.vc_custom_1531058421195{margin-top: -10px !important;padding-bottom: 70px !important;}&#8221;][vc_column_inner][\/vc_column_inner][\/vc_row_inner][\/vc_column][\/vc_row][vc_row css=&#8221;.vc_custom_1748864932641{margin-right: -40% !important;margin-left: -40% !important;padding-top: 90px !important;}&#8221;][vc_column][\/vc_column][\/vc_row][vc_row css=&#8221;.vc_custom_1748871725061{margin-top: -100px !important;margin-bottom: 50px !important;padding-top: 100px !important;padding-bottom: 15px !important;padding-left: 75px !important;}&#8221;][vc_column][vc_single_image image=&#8221;96&#8243; img_size=&#8221;full&#8221;][\/vc_column][\/vc_row][vc_row css=&#8221;.vc_custom_1748871650625{margin-bottom: 50px !important;}&#8221;][vc_column][\/vc_column][\/vc_row]<\/p>\n","protected":false},"author":1,"featured_media":0,"parent":0,"menu_order":0,"comment_status":"closed","ping_status":"closed","template":"","meta":{"footnotes":"","_links_to":"","_links_to_target":""},"class_list":["post-14","page","type-page","status-publish","hentry"],"_links":{"self":[{"href":"https:\/\/www.liorgest.pt\/index.php\/wp-json\/wp\/v2\/pages\/14","targetHints":{"allow":["GET"]}}],"collection":[{"href":"https:\/\/www.liorgest.pt\/index.php\/wp-json\/wp\/v2\/pages"}],"about":[{"href":"https:\/\/www.liorgest.pt\/index.php\/wp-json\/wp\/v2\/types\/page"}],"author":[{"embeddable":true,"href":"https:\/\/www.liorgest.pt\/index.php\/wp-json\/wp\/v2\/users\/1"}],"replies":[{"embeddable":true,"href":"https:\/\/www.liorgest.pt\/index.php\/wp-json\/wp\/v2\/comments?post=14"}],"version-history":[{"count":59,"href":"https:\/\/www.liorgest.pt\/index.php\/wp-json\/wp\/v2\/pages\/14\/revisions"}],"predecessor-version":[{"id":3437,"href":"https:\/\/www.liorgest.pt\/index.php\/wp-json\/wp\/v2\/pages\/14\/revisions\/3437"}],"wp:attachment":[{"href":"https:\/\/www.liorgest.pt\/index.php\/wp-json\/wp\/v2\/media?parent=14"}],"curies":[{"name":"wp","href":"https:\/\/api.w.org\/{rel}","templated":true}]}}