{"id":16,"date":"2018-07-08T03:12:43","date_gmt":"2018-07-08T03:12:43","guid":{"rendered":"http:\/\/tf.themedraft.com\/wp\/xzopro\/?page_id=16"},"modified":"2025-12-12T12:40:54","modified_gmt":"2025-12-12T12:40:54","slug":"gestao-arrendamentos","status":"publish","type":"page","link":"https:\/\/www.liorgest.pt\/index.php\/gestao-arrendamentos\/","title":{"rendered":"Gest\u00e3o de Arrendamentos"},"content":{"rendered":"<div class=\"wpb-content-wrapper\"><p>[vc_row css=&#8221;.vc_custom_1529464796890{padding-top: 92px !important;padding-bottom: 70px !important;}&#8221;][vc_column]\n        <div class=\"section-title-wrapper \" style=\"color: #505050\">\n            <div class=\"row text-center\">\n                <div class=\"col-xl-6 offset-xl-3 col-lg-8 offset-lg-2 col-md-10 offset-md-1\">  \n                    <h2 class=\"section-title\" style=\"color:#27325C\">Gest\u00e3o de Arrendamentos<\/h2>\n                    <ul class=\"title-shape no-list-style text-center\">\n                        <li style=\"background: #27325C\"><\/li>\n                        <li style=\"background: #27325C\"><\/li>\n                        <li style=\"background: #27325C\"><\/li>\n                    <\/ul>\n                    <p>A Liorgest assegura todos os servi\u00e7os necess\u00e1rios \u00e0 gest\u00e3o e administra\u00e7\u00e3o do im\u00f3vel, respondendo, de forma completa e totalmente personalizada, a todas as necessidades do propriet\u00e1rio. Saiba mais sobre os nossos servi\u00e7os de gest\u00e3o de arrendamento.<\/p>\n\n                <\/div>\n            <\/div>   \n        <\/div>\n    [vc_row_inner][vc_column_inner]<div class=\"row \"><\/div>[\/vc_column_inner][\/vc_row_inner][\/vc_column][\/vc_row][vc_row css=&#8221;.vc_custom_1748357915290{margin-top: -90px !important;padding-top: 92px !important;}&#8221;][vc_column]\n        <div class=\"section-title-wrapper \" style=\"color: #505050\">\n            <div class=\"row text-center\">\n                <div class=\"col-xl-6 offset-xl-3 col-lg-8 offset-lg-2 col-md-10 offset-md-1\">  \n                    <h2 class=\"section-title\" style=\"color:#27325C\">Entre em contacto<\/h2>\n                    <ul class=\"title-shape no-list-style text-center\">\n                        <li style=\"background: #27325C\"><\/li>\n                        <li style=\"background: #27325C\"><\/li>\n                        <li style=\"background: #27325C\"><\/li>\n                    <\/ul>\n                    <p>A Liorgest fica, desde j\u00e1 ao seu dispor e sem qualquer compromisso, para qualquer informa\u00e7\u00e3o ou esclarecimento adicional<\/p>\n\n                <\/div>\n            <\/div>   \n        <\/div>\n    [vc_row_inner el_class=&#8221;bg-hide-on-small section-left-image&#8221; css=&#8221;.vc_custom_1748517075235{margin-bottom: 50px !important;padding-bottom: 30px !important;background-image: url(https:\/\/www.liorgest.pt\/wp-content\/uploads\/2025\/05\/246b9c78bc59baf9338238d72903afe6.jpg?id=2933) !important;}&#8221;][vc_column_inner width=&#8221;1\/2&#8243;][\/vc_column_inner][vc_column_inner width=&#8221;1\/2&#8243;]\n<div class=\"wpcf7 no-js\" id=\"wpcf7-f170-o1\" lang=\"en-US\" dir=\"ltr\" data-wpcf7-id=\"170\">\n<div class=\"screen-reader-response\"><p role=\"status\" aria-live=\"polite\" aria-atomic=\"true\"><\/p> <ul><\/ul><\/div>\n<form action=\"\/index.php\/wp-json\/wp\/v2\/pages\/16#wpcf7-f170-o1\" method=\"post\" class=\"wpcf7-form init\" aria-label=\"Contact form\" novalidate=\"novalidate\" data-status=\"init\">\n<div style=\"display: none;\">\n<input type=\"hidden\" name=\"_wpcf7\" value=\"170\" \/>\n<input type=\"hidden\" name=\"_wpcf7_version\" value=\"6.0.6\" \/>\n<input type=\"hidden\" name=\"_wpcf7_locale\" value=\"en_US\" \/>\n<input type=\"hidden\" name=\"_wpcf7_unit_tag\" value=\"wpcf7-f170-o1\" \/>\n<input type=\"hidden\" name=\"_wpcf7_container_post\" value=\"0\" \/>\n<input type=\"hidden\" name=\"_wpcf7_posted_data_hash\" value=\"\" \/>\n<\/div>\n<div class=\"xzopro-contact-form-1\">\n\t<div class=\"row\">\n\t\t<div class=\"col-lg-6\">\n\t\t\t<p><span class=\"wpcf7-form-control-wrap\" data-name=\"sendername\"><input size=\"40\" maxlength=\"400\" class=\"wpcf7-form-control wpcf7-text wpcf7-validates-as-required\" aria-required=\"true\" aria-invalid=\"false\" placeholder=\"Nome*\" value=\"\" type=\"text\" name=\"sendername\" \/><\/span>\n\t\t\t<\/p>\n\t\t<\/div>\n\t\t<div class=\"col-lg-6\">\n\t\t\t<p><span class=\"wpcf7-form-control-wrap\" data-name=\"senderemail\"><input size=\"40\" maxlength=\"400\" class=\"wpcf7-form-control wpcf7-email wpcf7-validates-as-required wpcf7-text wpcf7-validates-as-email\" aria-required=\"true\" aria-invalid=\"false\" placeholder=\"Email*\" value=\"\" type=\"email\" name=\"senderemail\" \/><\/span>\n\t\t\t<\/p>\n\t\t<\/div>\n\t\t<div class=\"col-lg-12\">\n\t\t\t<p><span class=\"wpcf7-form-control-wrap\" data-name=\"sendermobile\"><input size=\"40\" maxlength=\"400\" class=\"wpcf7-form-control wpcf7-text\" aria-invalid=\"false\" placeholder=\"Contacto\" value=\"\" type=\"text\" name=\"sendermobile\" \/><\/span>\n\t\t\t<\/p>\n\t\t<\/div>\n\t\t<div class=\"col-lg-12\">\n\t\t\t<p><span class=\"wpcf7-form-control-wrap\" data-name=\"sendermessage\"><textarea cols=\"40\" rows=\"10\" maxlength=\"2000\" class=\"wpcf7-form-control wpcf7-textarea wpcf7-validates-as-required\" aria-required=\"true\" aria-invalid=\"false\" placeholder=\"Mensagem*\" name=\"sendermessage\"><\/textarea><\/span>\n\t\t\t<\/p>\n\t\t<\/div>\n\t\t<div class=\"col-lg-12\">\n\t\t\t<div id=\"cf7sr-6a0511e921a0d\" class=\"cf7sr-g-recaptcha\" data-theme=\"light\" data-type=\"image\" data-size=\"normal\" data-sitekey=\"6Lc870orAAAAADzISj3ht7ViO6EEexkzj5nEmXri\"><\/div><span class=\"wpcf7-form-control-wrap cf7sr-recaptcha\" data-name=\"cf7sr-recaptcha\"><input type=\"hidden\" name=\"cf7sr-recaptcha\" value=\"\" class=\"wpcf7-form-control\"><\/span>\n\t\t\t<\/p>\n\t\t<\/div>\n\t\t<div class=\"col-lg-12\">\n\t\t\t<p><input class=\"wpcf7-form-control wpcf7-submit has-spinner\" type=\"submit\" value=\"ENVIAR MENSAGEM\" \/>\n\t\t\t<\/p>\n\t\t<\/div>\n\t<\/div>\n<\/div><p style=\"display: none !important;\" class=\"akismet-fields-container\" data-prefix=\"_wpcf7_ak_\"><label>&#916;<textarea name=\"_wpcf7_ak_hp_textarea\" cols=\"45\" rows=\"8\" maxlength=\"100\"><\/textarea><\/label><input type=\"hidden\" id=\"ak_js_1\" name=\"_wpcf7_ak_js\" value=\"187\"\/><script>document.getElementById( \"ak_js_1\" ).setAttribute( \"value\", ( new Date() ).getTime() );<\/script><\/p><div class=\"wpcf7-response-output\" aria-hidden=\"true\"><\/div>\n<\/form>\n<\/div>\n[\/vc_column_inner][\/vc_row_inner][\/vc_column][\/vc_row]<\/p>\n<\/div>","protected":false},"excerpt":{"rendered":"<p>[vc_row css=&#8221;.vc_custom_1529464796890{padding-top: 92px !important;padding-bottom: 70px !important;}&#8221;][vc_column][vc_row_inner][vc_column_inner][\/vc_column_inner][\/vc_row_inner][\/vc_column][\/vc_row][vc_row css=&#8221;.vc_custom_1748357915290{margin-top: -90px !important;padding-top: 92px !important;}&#8221;][vc_column][vc_row_inner el_class=&#8221;bg-hide-on-small section-left-image&#8221; css=&#8221;.vc_custom_1748517075235{margin-bottom: 50px !important;padding-bottom: 30px !important;background-image: url(https:\/\/www.liorgest.pt\/wp-content\/uploads\/2025\/05\/246b9c78bc59baf9338238d72903afe6.jpg?id=2933) !important;}&#8221;][vc_column_inner width=&#8221;1\/2&#8243;][\/vc_column_inner][vc_column_inner width=&#8221;1\/2&#8243;][\/vc_column_inner][\/vc_row_inner][\/vc_column][\/vc_row]<\/p>\n","protected":false},"author":1,"featured_media":0,"parent":0,"menu_order":0,"comment_status":"closed","ping_status":"closed","template":"","meta":{"footnotes":"","_links_to":"","_links_to_target":""},"class_list":["post-16","page","type-page","status-publish","hentry"],"_links":{"self":[{"href":"https:\/\/www.liorgest.pt\/index.php\/wp-json\/wp\/v2\/pages\/16","targetHints":{"allow":["GET"]}}],"collection":[{"href":"https:\/\/www.liorgest.pt\/index.php\/wp-json\/wp\/v2\/pages"}],"about":[{"href":"https:\/\/www.liorgest.pt\/index.php\/wp-json\/wp\/v2\/types\/page"}],"author":[{"embeddable":true,"href":"https:\/\/www.liorgest.pt\/index.php\/wp-json\/wp\/v2\/users\/1"}],"replies":[{"embeddable":true,"href":"https:\/\/www.liorgest.pt\/index.php\/wp-json\/wp\/v2\/comments?post=16"}],"version-history":[{"count":16,"href":"https:\/\/www.liorgest.pt\/index.php\/wp-json\/wp\/v2\/pages\/16\/revisions"}],"predecessor-version":[{"id":3515,"href":"https:\/\/www.liorgest.pt\/index.php\/wp-json\/wp\/v2\/pages\/16\/revisions\/3515"}],"wp:attachment":[{"href":"https:\/\/www.liorgest.pt\/index.php\/wp-json\/wp\/v2\/media?parent=16"}],"curies":[{"name":"wp","href":"https:\/\/api.w.org\/{rel}","templated":true}]}}