{"id":20,"date":"2018-07-08T03:13:48","date_gmt":"2018-07-08T03:13:48","guid":{"rendered":"http:\/\/tf.themedraft.com\/wp\/xzopro\/?page_id=20"},"modified":"2025-06-17T14:20:10","modified_gmt":"2025-06-17T14:20:10","slug":"contactos","status":"publish","type":"page","link":"https:\/\/www.liorgest.pt\/index.php\/contactos\/","title":{"rendered":"Contactos"},"content":{"rendered":"<div class=\"wpb-content-wrapper\"><p>[vc_row css=&#8221;.vc_custom_1529464820242{padding-top: 92px !important;}&#8221;][vc_column]\n        <div class=\"section-title-wrapper \" style=\"color: #505050\">\n            <div class=\"row text-center\">\n                <div class=\"col-xl-6 offset-xl-3 col-lg-8 offset-lg-2 col-md-10 offset-md-1\">  \n                    <h2 class=\"section-title\" style=\"color:#27325C\">Entre em contacto<\/h2>\n                    <ul class=\"title-shape no-list-style text-center\">\n                        <li style=\"background: #27325C\"><\/li>\n                        <li style=\"background: #27325C\"><\/li>\n                        <li style=\"background: #27325C\"><\/li>\n                    <\/ul>\n                    <p>N\u00e3o hesite em contactar a Liorgest para esclarecer qualquer d\u00favida sobre os nossos planos ou sobre gest\u00e3o de im\u00f3veis.<br \/>\nEstamos sempre ao seu dispor.<\/p>\n\n                <\/div>\n            <\/div>   \n        <\/div>\n    [vc_row_inner css=&#8221;.vc_custom_1746305964772{padding-bottom: 100px !important;}&#8221;][vc_column_inner width=&#8221;5\/12&#8243;]\n        <div class=\"contact-info-box \" style=\"background-color: #FFFFFF\">\n            <div class=\"contact-info-content\" style=\"color: #27325C\">\n                <ul class=\"no-list-style\"><li><i style=\"color: #D8BB6C\" class=\"flaticon-xzopro-placeholder\"><\/i> <span  style=\"color: #D8BB6C\">Morada: : <\/span><p>Pra\u00e7a General Humberto Delgado 267<br \/>\n4000-288 - Porto<\/p>\n<\/li><li><i style=\"color: #D8BB6C\" class=\"flaticon-xzopro-email\"><\/i> <span  style=\"color: #D8BB6C\">E-mail : : <\/span><p>geral@liorgest.pt<\/p>\n<\/li><li><i style=\"color: #D8BB6C\" class=\"flaticon-xzopro-phone-call\"><\/i> <span  style=\"color: #D8BB6C\">Telefone: : <\/span><p>+351 - 22 332 5010<br \/>\n(chamada para a rede m\u00f3vel nacional)<\/p>\n<\/li><li><i style=\"color: #D8BB6C\" class=\"flaticon-xzopro-clock-2\"><\/i> <span  style=\"color: #D8BB6C\">Hor\u00e1rio: : <\/span><p>Dias \u00fateis: 9h00 - 18h00<\/p>\n<\/li>\n                <\/ul>\n            <\/div>\n        <\/div>\n    [\/vc_column_inner][vc_column_inner width=&#8221;7\/12&#8243;]\n<div class=\"wpcf7 no-js\" id=\"wpcf7-f170-o1\" lang=\"en-US\" dir=\"ltr\" data-wpcf7-id=\"170\">\n<div class=\"screen-reader-response\"><p role=\"status\" aria-live=\"polite\" aria-atomic=\"true\"><\/p> <ul><\/ul><\/div>\n<form action=\"\/index.php\/wp-json\/wp\/v2\/pages\/20#wpcf7-f170-o1\" method=\"post\" class=\"wpcf7-form init\" aria-label=\"Contact form\" novalidate=\"novalidate\" data-status=\"init\">\n<div style=\"display: none;\">\n<input type=\"hidden\" name=\"_wpcf7\" value=\"170\" \/>\n<input type=\"hidden\" name=\"_wpcf7_version\" value=\"6.0.6\" \/>\n<input type=\"hidden\" name=\"_wpcf7_locale\" value=\"en_US\" \/>\n<input type=\"hidden\" name=\"_wpcf7_unit_tag\" value=\"wpcf7-f170-o1\" \/>\n<input type=\"hidden\" name=\"_wpcf7_container_post\" value=\"0\" \/>\n<input type=\"hidden\" name=\"_wpcf7_posted_data_hash\" value=\"\" \/>\n<\/div>\n<div class=\"xzopro-contact-form-1\">\n\t<div class=\"row\">\n\t\t<div class=\"col-lg-6\">\n\t\t\t<p><span class=\"wpcf7-form-control-wrap\" data-name=\"sendername\"><input size=\"40\" maxlength=\"400\" class=\"wpcf7-form-control wpcf7-text wpcf7-validates-as-required\" aria-required=\"true\" aria-invalid=\"false\" placeholder=\"Nome*\" value=\"\" type=\"text\" name=\"sendername\" \/><\/span>\n\t\t\t<\/p>\n\t\t<\/div>\n\t\t<div class=\"col-lg-6\">\n\t\t\t<p><span class=\"wpcf7-form-control-wrap\" data-name=\"senderemail\"><input size=\"40\" maxlength=\"400\" class=\"wpcf7-form-control wpcf7-email wpcf7-validates-as-required wpcf7-text wpcf7-validates-as-email\" aria-required=\"true\" aria-invalid=\"false\" placeholder=\"Email*\" value=\"\" type=\"email\" name=\"senderemail\" \/><\/span>\n\t\t\t<\/p>\n\t\t<\/div>\n\t\t<div class=\"col-lg-12\">\n\t\t\t<p><span class=\"wpcf7-form-control-wrap\" data-name=\"sendermobile\"><input size=\"40\" maxlength=\"400\" class=\"wpcf7-form-control wpcf7-text\" aria-invalid=\"false\" placeholder=\"Contacto\" value=\"\" type=\"text\" name=\"sendermobile\" \/><\/span>\n\t\t\t<\/p>\n\t\t<\/div>\n\t\t<div class=\"col-lg-12\">\n\t\t\t<p><span class=\"wpcf7-form-control-wrap\" data-name=\"sendermessage\"><textarea cols=\"40\" rows=\"10\" maxlength=\"2000\" class=\"wpcf7-form-control wpcf7-textarea wpcf7-validates-as-required\" aria-required=\"true\" aria-invalid=\"false\" placeholder=\"Mensagem*\" name=\"sendermessage\"><\/textarea><\/span>\n\t\t\t<\/p>\n\t\t<\/div>\n\t\t<div class=\"col-lg-12\">\n\t\t\t<div id=\"cf7sr-6a050148052cf\" class=\"cf7sr-g-recaptcha\" data-theme=\"light\" data-type=\"image\" data-size=\"normal\" data-sitekey=\"6Lc870orAAAAADzISj3ht7ViO6EEexkzj5nEmXri\"><\/div><span class=\"wpcf7-form-control-wrap cf7sr-recaptcha\" data-name=\"cf7sr-recaptcha\"><input type=\"hidden\" name=\"cf7sr-recaptcha\" value=\"\" class=\"wpcf7-form-control\"><\/span>\n\t\t\t<\/p>\n\t\t<\/div>\n\t\t<div class=\"col-lg-12\">\n\t\t\t<p><input class=\"wpcf7-form-control wpcf7-submit has-spinner\" type=\"submit\" value=\"ENVIAR MENSAGEM\" \/>\n\t\t\t<\/p>\n\t\t<\/div>\n\t<\/div>\n<\/div><p style=\"display: none !important;\" class=\"akismet-fields-container\" data-prefix=\"_wpcf7_ak_\"><label>&#916;<textarea name=\"_wpcf7_ak_hp_textarea\" cols=\"45\" rows=\"8\" maxlength=\"100\"><\/textarea><\/label><input type=\"hidden\" id=\"ak_js_1\" name=\"_wpcf7_ak_js\" value=\"115\"\/><script>document.getElementById( \"ak_js_1\" ).setAttribute( \"value\", ( new Date() ).getTime() );<\/script><\/p><div class=\"wpcf7-response-output\" aria-hidden=\"true\"><\/div>\n<\/form>\n<\/div>\n[\/vc_column_inner][\/vc_row_inner][\/vc_column][\/vc_row][vc_row full_width=&#8221;stretch_row_content_no_spaces&#8221; css=&#8221;.vc_custom_1748260204977{margin-bottom: 50px !important;}&#8221;][vc_column]\n        <div class=\"xzopro-googlemap\" id=\"xzopro-googlemap321184275\" style=\"height:450px; width:100%\"><\/div>\n        <script src=\"https:\/\/maps.googleapis.com\/maps\/api\/js?key=AIzaSyDAJaogcLDS-zWE4UDpnELFiRRpRCtRONs\"><\/script>\n\n        <script>\n        var locations321184275 = [[\"LIORGEST - Pra\u00e7a General Humberto Delgado 267, 4000-288 Porto\", 41.167879,-8.600781],];\n        var mapcenter321184275={lat:41.167879,lng:-8.600781};\n\n        function initialize() {\n            var xzopromap321184275 = {\n                center:mapcenter321184275,\n                zoom: 16,\n                mapTypeId:google.maps.MapTypeId.ROADMAP\n            };\n\n            var map=new google.maps.Map(document.getElementById(\"xzopro-googlemap321184275\"),xzopromap321184275);\n\n            var infowindow = new google.maps.InfoWindow();\n\n            var marker, i;\n\n            for (i = 0; i < locations321184275.length; i++){  \n                marker = new google.maps.Marker({\n                    position: new google.maps.LatLng(locations321184275[i][1], locations321184275[i][2]),\n                    icon:\"\",\n                    map: map\n                });\n\n                var infowindow = new google.maps.InfoWindow({\n                  content: locations321184275[i][0],\n                  maxWidth: 160\n                });\n            google.maps.event.addListener(marker, \"click\", (function(marker, i) {\n                return function() {\n                    infowindow.setContent(locations321184275[i][0]);\n                    infowindow.open(map, marker);\n                }\n            })(marker, i));\n        \n            }\n            marker.setMap(map);\n              \n        }\n\n        google.maps.event.addDomListener(window, \"load\", initialize); <\/script>\n    [\/vc_column][\/vc_row]<\/p>\n<\/div>","protected":false},"excerpt":{"rendered":"<p>[vc_row css=&#8221;.vc_custom_1529464820242{padding-top: 92px !important;}&#8221;][vc_column][vc_row_inner css=&#8221;.vc_custom_1746305964772{padding-bottom: 100px !important;}&#8221;][vc_column_inner width=&#8221;5\/12&#8243;][\/vc_column_inner][vc_column_inner width=&#8221;7\/12&#8243;][\/vc_column_inner][\/vc_row_inner][\/vc_column][\/vc_row][vc_row full_width=&#8221;stretch_row_content_no_spaces&#8221; css=&#8221;.vc_custom_1748260204977{margin-bottom: 50px !important;}&#8221;][vc_column][\/vc_column][\/vc_row]<\/p>\n","protected":false},"author":1,"featured_media":0,"parent":0,"menu_order":0,"comment_status":"closed","ping_status":"closed","template":"","meta":{"footnotes":"","_links_to":"","_links_to_target":""},"class_list":["post-20","page","type-page","status-publish","hentry"],"_links":{"self":[{"href":"https:\/\/www.liorgest.pt\/index.php\/wp-json\/wp\/v2\/pages\/20","targetHints":{"allow":["GET"]}}],"collection":[{"href":"https:\/\/www.liorgest.pt\/index.php\/wp-json\/wp\/v2\/pages"}],"about":[{"href":"https:\/\/www.liorgest.pt\/index.php\/wp-json\/wp\/v2\/types\/page"}],"author":[{"embeddable":true,"href":"https:\/\/www.liorgest.pt\/index.php\/wp-json\/wp\/v2\/users\/1"}],"replies":[{"embeddable":true,"href":"https:\/\/www.liorgest.pt\/index.php\/wp-json\/wp\/v2\/comments?post=20"}],"version-history":[{"count":19,"href":"https:\/\/www.liorgest.pt\/index.php\/wp-json\/wp\/v2\/pages\/20\/revisions"}],"predecessor-version":[{"id":3508,"href":"https:\/\/www.liorgest.pt\/index.php\/wp-json\/wp\/v2\/pages\/20\/revisions\/3508"}],"wp:attachment":[{"href":"https:\/\/www.liorgest.pt\/index.php\/wp-json\/wp\/v2\/media?parent=20"}],"curies":[{"name":"wp","href":"https:\/\/api.w.org\/{rel}","templated":true}]}}