{"id":2384,"date":"2025-04-17T15:31:49","date_gmt":"2025-04-17T15:31:49","guid":{"rendered":"https:\/\/www.liorgest.pt\/?page_id=2384"},"modified":"2025-06-12T11:33:20","modified_gmt":"2025-06-12T11:33:20","slug":"proposta","status":"publish","type":"page","link":"https:\/\/www.liorgest.pt\/index.php\/proposta\/","title":{"rendered":"Pedido de Proposta"},"content":{"rendered":"<div class=\"wpb-content-wrapper\"><p>[vc_row css=&#8221;.vc_custom_1534588396610{padding-top: 90px !important;}&#8221;][vc_column]\n        <div class=\"section-title-wrapper \" style=\"color: #505050\">\n            <div class=\"row text-center\">\n                <div class=\"col-xl-6 offset-xl-3 col-lg-8 offset-lg-2 col-md-10 offset-md-1\">  \n                    <h2 class=\"section-title\" style=\"color:#27325C\">Pe\u00e7a a sua Proposta<\/h2>\n                    <ul class=\"title-shape no-list-style text-center\">\n                        <li style=\"background: #27325C\"><\/li>\n                        <li style=\"background: #27325C\"><\/li>\n                        <li style=\"background: #27325C\"><\/li>\n                    <\/ul>\n                    <p>Na Liorgest, encaramos cada cliente e cada im\u00f3vel como um caso \u00fanico e isolado, ajustando o contrato de acordo com as necessidades reais.<\/p>\n\n                <\/div>\n            <\/div>   \n        <\/div>\n    [\/vc_column][\/vc_row][vc_row][vc_column][vc_raw_html css=&#8221;&#8221;]JTVCd3Bmb3JtcyUyMGlkJTNEJTIyMjcxNSUyMiU1RA==[\/vc_raw_html][\/vc_column][\/vc_row][vc_row css=&#8221;.vc_custom_1529465009716{padding-top: 92px !important;padding-bottom: 70px !important;}&#8221;][vc_column]\n        <div class=\"section-title-wrapper vc_custom_1749727973507\" style=\"color: #505050\">\n            <div class=\"row text-center\">\n                <div class=\"col-xl-6 offset-xl-3 col-lg-8 offset-lg-2 col-md-10 offset-md-1\">  \n                    <h2 class=\"section-title\" style=\"color:#27325C\">Veja o nosso trabalho<\/h2>\n                    <ul class=\"title-shape no-list-style text-center\">\n                        <li style=\"background: #27325C\"><\/li>\n                        <li style=\"background: #27325C\"><\/li>\n                        <li style=\"background: #27325C\"><\/li>\n                    <\/ul>\n                    <p>Com mais de 20 anos a trabalhar para trazer o m\u00e1ximo de conforto aos nossos clientes, aqui partilhamos alguns dos nossos projetos de administra\u00e7\u00e3o de condom\u00ednios.<\/p>\n\n                <\/div>\n            <\/div>   \n        <\/div>\n    [vc_row_inner][vc_column_inner]<div class=\"project-wrapper \">\n\n    <script>\n        jQuery(document).ready(function($) {\n            $(\".mt-6546682\").on(\"click\", function(){\n              $(this).toggleClass(\"active\").next(\".fbtn-6546682\").slideToggle();\n              return false;\n            });\n\n            $(\".fbtn-6546682 li\").on(\"click\", function() {    \n              if($(this).hasClass(\"active\")) return false;\n              $(\".mt-6546682, .fbtn-6546682 li\").removeClass(\"active\");\n              $(this).addClass(\"active\");\n              $(\".mt-6546682\").text($(this).find(\".title-text\").text());\n              if($(\".mt-6546682\").is(\":visible\")) $(\".fbtn-6546682\").slideUp();\n              var filterValue = $(this).attr(\"data-filter\");\n              $grid.isotope({ filter: filterValue });\n            });   \n            var $grid = $(\".project-wrap-6546682\").isotope({\n              itemSelector: \".single-project-item\",\n              percentPosition: true,\n              masonry: {\n                columnWidth: 1\n              }\n            });             \n        });\n    <\/script>\n        <div class=\"row\">\n            <div class=\"col-lg-12 text-center\">\n\n                <div class=\"isotpo-mobile-title mt-6546682\">Todos<\/div>\n\n                <ul class=\"no-list-style work-filter-btn fbtn-6546682\">\n                    <li class=\"active\" data-filter=\"*\"><span class=\"title-text\">Todos<\/span><\/li><li data-filter=\".condominios\"><span class=\"title-text\">Condom\u00ednios<\/span><\/li><li data-filter=\".condominos\"><span class=\"title-text\">Cond\u00f3minos<\/span><\/li><li data-filter=\".equipa\"><span class=\"title-text\">Equipa<\/span><\/li><li data-filter=\".onde-estamos\"><span class=\"title-text\">Onde Estamos<\/span><\/li>            \n                <\/ul>\n            <\/div>\n        <\/div> \n    \n    <div class=\"row project-item-wrapper project-wrap-6546682 total-project-show-1\">\n        <div class=\"col-lg-4 col-md-6 col-xs-12  single-project-item condominios project-number-1\">\n            <div class=\"project-box\" onclick=\"\">\n                <div class=\"project-bg\" style=\"background-image:url(https:\/\/www.liorgest.pt\/wp-content\/uploads\/2025\/05\/como-funciona-o-curso-de-administracao-de-condominios-homem-segurando-casa-de-madeira-18-03-2024-66084b0b21158.webp)\"><\/div>\n                \n                <div class=\"project-content\">\n                    <div class=\"project-table\">\n                        <div class=\"project-table-cell\">\n                            <a class=\"image-popup-link\" href=\"https:\/\/www.liorgest.pt\/wp-content\/uploads\/2025\/05\/como-funciona-o-curso-de-administracao-de-condominios-homem-segurando-casa-de-madeira-18-03-2024-66084b0b21158.webp\"><i class=\"fa fa-picture-o\"><\/i><\/a>\n                            <div><a class=\"project-title\" href=\"https:\/\/www.liorgest.pt\/index.php\/sobre-nos\/\"><h4>+70 Condom\u00ednios geridos com Rigor, Efici\u00eancia e Confian\u00e7a.<\/h4><\/a><\/div>\n                            <p class=\"comma-project-cat\">condominios<\/p>\n                            <a class=\"service-read-more\" href=\"https:\/\/www.liorgest.pt\/index.php\/sobre-nos\/\"><\/a>\n                        <\/div>\n                    <\/div>\n                <\/div>\n            <\/div>\n        <\/div>\n        <div class=\"col-lg-4 col-md-6 col-xs-12  single-project-item condominos project-number-2\">\n            <div class=\"project-box\" onclick=\"\">\n                <div class=\"project-bg\" style=\"background-image:url(https:\/\/www.liorgest.pt\/wp-content\/uploads\/2025\/05\/fc54e6ff61a8f219e7683a7df4b08726.jpg)\"><\/div>\n                \n                <div class=\"project-content\">\n                    <div class=\"project-table\">\n                        <div class=\"project-table-cell\">\n                            <a class=\"image-popup-link\" href=\"https:\/\/www.liorgest.pt\/wp-content\/uploads\/2025\/05\/fc54e6ff61a8f219e7683a7df4b08726.jpg\"><i class=\"fa fa-picture-o\"><\/i><\/a>\n                            <div><a class=\"project-title\" href=\"https:\/\/www.liorgest.pt\/index.php\/sobre-nos\/\"><h4>+1900 cond\u00f3minos confiam na nossa gest\u00e3o<\/h4><\/a><\/div>\n                            <p class=\"comma-project-cat\">condominos<\/p>\n                            <a class=\"service-read-more\" href=\"https:\/\/www.liorgest.pt\/index.php\/sobre-nos\/\"><\/a>\n                        <\/div>\n                    <\/div>\n                <\/div>\n            <\/div>\n        <\/div>\n        <div class=\"col-lg-4 col-md-6 col-xs-12  single-project-item equipa project-number-3\">\n            <div class=\"project-box\" onclick=\"\">\n                <div class=\"project-bg\" style=\"background-image:url(https:\/\/www.liorgest.pt\/wp-content\/uploads\/2025\/05\/istockphoto-1346125184-612x612-1.jpg)\"><\/div>\n                \n                <div class=\"project-content\">\n                    <div class=\"project-table\">\n                        <div class=\"project-table-cell\">\n                            <a class=\"image-popup-link\" href=\"https:\/\/www.liorgest.pt\/wp-content\/uploads\/2025\/05\/istockphoto-1346125184-612x612-1.jpg\"><i class=\"fa fa-picture-o\"><\/i><\/a>\n                            <div><a class=\"project-title\" href=\"https:\/\/www.liorgest.pt\/index.php\/sobre-nos\/\"><h4>Gestores, t\u00e9cnicos e apoio administrativo. Tudo numa s\u00f3 equipa<\/h4><\/a><\/div>\n                            <p class=\"comma-project-cat\">equipa<\/p>\n                            <a class=\"service-read-more\" href=\"https:\/\/www.liorgest.pt\/index.php\/sobre-nos\/\"><\/a>\n                        <\/div>\n                    <\/div>\n                <\/div>\n            <\/div>\n        <\/div>\n        <div class=\"col-lg-4 col-md-6 col-xs-12  single-project-item onde-estamos project-number-4\">\n            <div class=\"project-box\" onclick=\"\">\n                <div class=\"project-bg\" style=\"background-image:url(https:\/\/www.liorgest.pt\/wp-content\/uploads\/2025\/05\/NC02-GEO.jpg)\"><\/div>\n                \n                <div class=\"project-content\">\n                    <div class=\"project-table\">\n                        <div class=\"project-table-cell\">\n                            <a class=\"image-popup-link\" href=\"https:\/\/www.liorgest.pt\/wp-content\/uploads\/2025\/05\/NC02-GEO.jpg\"><i class=\"fa fa-picture-o\"><\/i><\/a>\n                            <div><a class=\"project-title\" href=\"https:\/\/www.liorgest.pt\/index.php\/contactos\/\"><h4>Porto<br>Viseu<br>Aveiro<\/h4><\/a><\/div>\n                            <p class=\"comma-project-cat\">onde-estamos<\/p>\n                            <a class=\"service-read-more\" href=\"https:\/\/www.liorgest.pt\/index.php\/contactos\/\"><\/a>\n                        <\/div>\n                    <\/div>\n                <\/div>\n            <\/div>\n        <\/div>\n    <\/div>\n    <\/div>[\/vc_column_inner][\/vc_row_inner][\/vc_column][\/vc_row]<\/p>\n<\/div>","protected":false},"excerpt":{"rendered":"<p>[vc_row css=&#8221;.vc_custom_1534588396610{padding-top: 90px !important;}&#8221;][vc_column][\/vc_column][\/vc_row][vc_row][vc_column][vc_raw_html css=&#8221;&#8221;]JTVCd3Bmb3JtcyUyMGlkJTNEJTIyMjcxNSUyMiU1RA==[\/vc_raw_html][\/vc_column][\/vc_row][vc_row css=&#8221;.vc_custom_1529465009716{padding-top: 92px !important;padding-bottom: 70px !important;}&#8221;][vc_column][vc_row_inner][vc_column_inner][\/vc_column_inner][\/vc_row_inner][\/vc_column][\/vc_row]<\/p>\n","protected":false},"author":2,"featured_media":0,"parent":0,"menu_order":0,"comment_status":"closed","ping_status":"closed","template":"","meta":{"footnotes":"","_links_to":"","_links_to_target":""},"class_list":["post-2384","page","type-page","status-publish","hentry"],"_links":{"self":[{"href":"https:\/\/www.liorgest.pt\/index.php\/wp-json\/wp\/v2\/pages\/2384","targetHints":{"allow":["GET"]}}],"collection":[{"href":"https:\/\/www.liorgest.pt\/index.php\/wp-json\/wp\/v2\/pages"}],"about":[{"href":"https:\/\/www.liorgest.pt\/index.php\/wp-json\/wp\/v2\/types\/page"}],"author":[{"embeddable":true,"href":"https:\/\/www.liorgest.pt\/index.php\/wp-json\/wp\/v2\/users\/2"}],"replies":[{"embeddable":true,"href":"https:\/\/www.liorgest.pt\/index.php\/wp-json\/wp\/v2\/comments?post=2384"}],"version-history":[{"count":35,"href":"https:\/\/www.liorgest.pt\/index.php\/wp-json\/wp\/v2\/pages\/2384\/revisions"}],"predecessor-version":[{"id":3466,"href":"https:\/\/www.liorgest.pt\/index.php\/wp-json\/wp\/v2\/pages\/2384\/revisions\/3466"}],"wp:attachment":[{"href":"https:\/\/www.liorgest.pt\/index.php\/wp-json\/wp\/v2\/media?parent=2384"}],"curies":[{"name":"wp","href":"https:\/\/api.w.org\/{rel}","templated":true}]}}