{"id":2699,"date":"2025-04-29T11:23:48","date_gmt":"2025-04-29T11:23:48","guid":{"rendered":"https:\/\/www.liorgest.pt\/?page_id=2699"},"modified":"2025-12-12T13:20:10","modified_gmt":"2025-12-12T13:20:10","slug":"servicos","status":"publish","type":"page","link":"https:\/\/www.liorgest.pt\/index.php\/servicos\/","title":{"rendered":"Servi\u00e7os"},"content":{"rendered":"<div class=\"wpb-content-wrapper\"><p>[vc_row css=&#8221;.vc_custom_1534588396610{padding-top: 90px !important;}&#8221;][vc_column]\n        <div class=\"section-title-wrapper \" style=\"color: #505050\">\n            <div class=\"row text-center\">\n                <div class=\"col-xl-6 offset-xl-3 col-lg-8 offset-lg-2 col-md-10 offset-md-1\">  \n                    <h2 class=\"section-title\" style=\"color:#27325C\">Os nossos Servi\u00e7os<\/h2>\n                    <ul class=\"title-shape no-list-style text-center\">\n                        <li style=\"background: #27325C\"><\/li>\n                        <li style=\"background: #27325C\"><\/li>\n                        <li style=\"background: #27325C\"><\/li>\n                    <\/ul>\n                    <p>A Liorgest assegura todos os servi\u00e7os necess\u00e1rios \u00e0 gest\u00e3o e administra\u00e7\u00e3o do im\u00f3vel, respondendo, de forma completa e totalmente personalizada, a todas as necessidades do condom\u00ednio ou do propriet\u00e1rio.<\/p>\n\n                <\/div>\n            <\/div>   \n        <\/div>\n    [vc_row_inner css=&#8221;.vc_custom_1529159823291{padding-bottom: 70px !important;}&#8221;][vc_column_inner width=&#8221;1\/2&#8243;]\n        <div class=\"single-about-box-wrap \">\n            <div class=\"about-box-content\">\n                <div class=\"about-box-top-icon\">\n                    <i class=\"flaticon-custom-layers\"><\/i>\n                <\/div>\n                <h5>Administra\u00e7\u00e3o de Condom\u00ednios<\/h5>\n                <p>Ao contratar o nosso servi\u00e7os de administra\u00e7\u00e3o de condom\u00ednios, tarefas como contrata\u00e7\u00e3o de servi\u00e7os, elabora\u00e7\u00e3o e envio de convocat\u00f3rias, apresenta\u00e7\u00e3o de or\u00e7amentos necess\u00e1rios para realizar atos necess\u00e1rios \u00e0 conserva\u00e7\u00e3o dos bens comuns, e muitas outras mais ficam a nosso encargo.<\/p>\n\n                <a href=\"https:\/\/www.liorgest.pt\/index.php\/adiministracao-condominios\/\" class=\"about-box-link\">\n                    <i class=\"fa fa-angle-right\"><\/i>\n                <\/a>   \n            <\/div>\n        <\/div>\n    [\/vc_column_inner][vc_column_inner width=&#8221;1\/2&#8243;]\n        <div class=\"single-about-box-wrap \">\n            <div class=\"about-box-content\">\n                <div class=\"about-box-top-icon\">\n                    <i class=\"flaticon-xzopro-process\"><\/i>\n                <\/div>\n                <h5>Manuten\u00e7\u00e3o e Repara\u00e7\u00e3o<\/h5>\n                <p>Afina\u00e7\u00e3o das molas de compensa\u00e7\u00e3o das portas.<br \/>\nPequenos retoques de pintura.<br \/>\nResolu\u00e7\u00e3o de pequenas anomalias gerais.<br \/>\nSubstitui\u00e7\u00e3o de l\u00e2mpadas.<br \/>\nRepara\u00e7\u00e3o\/substitui\u00e7\u00e3o dos autom\u00e1ticos da escada.<br \/>\nRepara\u00e7\u00e3o\/substitui\u00e7\u00e3o de interruptores<\/p>\n\n                <a href=\"https:\/\/www.liorgest.pt\/index.php\/servicos\/\" class=\"about-box-link\">\n                    <i class=\"fa fa-angle-right\"><\/i>\n                <\/a>   \n            <\/div>\n        <\/div>\n    [\/vc_column_inner][\/vc_row_inner][\/vc_column][\/vc_row][vc_row full_width=&#8221;stretch_row_content&#8221; css=&#8221;.vc_custom_1534850667267{background-color: #f7f7f7 !important;}&#8221;][vc_column]\n        <div class=\"cta-wrapper \">\n            <div class=\"container\">\n                <div class=\"row\">\n                    <div class=\"col-xl-8 col-lg-8 col-md-9\">\n                        <h4>N\u00e3o sabe ao certo qual plano seria o ideal para si?<\/h4>\n                        <p>N\u00e3o se precupe, a Liorgest, est\u00e1 sempre disponivel para eliminar quaisquer d\u00favidas<\/p>\n                    <\/div>\n                    \n                    <div class=\"col-xl-4 col-lg-4 col-md-3\">\n                        <div class=\"cta-btn-wrap\">\n                            <a href=\"https:\/\/www.liorgest.pt\/index.php\/contactos\/\" class=\"xzopro-btn fill-btn cta-btn\">CONTACTE-NOS<\/a>\n                        <\/div>\n                    <\/div>\n                <\/div>\n            <\/div>\n        <\/div>\n    [\/vc_column][\/vc_row][vc_row css=&#8221;.vc_custom_1529464930805{padding-top: 92px !important;}&#8221;][vc_column]\n        <div class=\"section-title-wrapper \" style=\"color: #505050\">\n            <div class=\"row text-center\">\n                <div class=\"col-xl-6 offset-xl-3 col-lg-8 offset-lg-2 col-md-10 offset-md-1\">  \n                    <h2 class=\"section-title\" style=\"color:#27325C\">Porque escolher a Liorgest<\/h2>\n                    <ul class=\"title-shape no-list-style text-center\">\n                        <li style=\"background: #27325C\"><\/li>\n                        <li style=\"background: #27325C\"><\/li>\n                        <li style=\"background: #27325C\"><\/li>\n                    <\/ul>\n                    <p>A Liorgest presta um servi\u00e7o de qualidade, com efici\u00eancia e discri\u00e7\u00e3o, que proporciona conforto e seguran\u00e7a a todos quantos vivem, trabalham ou frequentam os espa\u00e7os que administramos.<\/p>\n\n                <\/div>\n            <\/div>   \n        <\/div>\n    [vc_row_inner el_class=&#8221;why-choose-us section-right-bg&#8221; css=&#8221;.vc_custom_1747404230324{margin-bottom: 50px !important;padding-bottom: 100px !important;background-image: url(https:\/\/www.liorgest.pt\/wp-content\/uploads\/2025\/05\/A_digital_photograph_optimized_under_2MB.png?id=2936) !important;}&#8221;][vc_column_inner width=&#8221;1\/2&#8243;]\n        <div class=\"single-choose-us-box \">\n            <div class=\"choose_us-content-wrapper\">\n                <div class=\"choose-us-box-icon\">\n                    <i class=\"flaticon-xzopro-transport\"><\/i>\n                <\/div>\n                <div class=\"choose_us-box-content\">\n                    <h4>Excelente Performance<\/h4>\n                    <p>Compromisso cont\u00ednuo com a excel\u00eancia na gest\u00e3o e opera\u00e7\u00e3o.<\/p>\n\n                <\/div>\n            <\/div>\n        <\/div>\n    \n        <div class=\"single-choose-us-box \">\n            <div class=\"choose_us-content-wrapper\">\n                <div class=\"choose-us-box-icon\">\n                    <i class=\"flaticon-xzopro-analytics\"><\/i>\n                <\/div>\n                <div class=\"choose_us-box-content\">\n                    <h4>Responsabilidade nos Neg\u00f3cios<\/h4>\n                    <p>Conduta \u00e9tica e foco nos interesses dos nossos clientes.<\/p>\n\n                <\/div>\n            <\/div>\n        <\/div>\n    \n        <div class=\"single-choose-us-box \">\n            <div class=\"choose_us-content-wrapper\">\n                <div class=\"choose-us-box-icon\">\n                    <i class=\"flaticon-xzopro-help\"><\/i>\n                <\/div>\n                <div class=\"choose_us-box-content\">\n                    <h4>Servi\u00e7o de Suporte 24X7<\/h4>\n                    <p>Assist\u00eancia cont\u00ednua sempre que precisar, sem interrup\u00e7\u00f5es.<\/p>\n\n                <\/div>\n            <\/div>\n        <\/div>\n    [\/vc_column_inner][vc_column_inner width=&#8221;1\/2&#8243;][\/vc_column_inner][\/vc_row_inner][\/vc_column][\/vc_row]<\/p>\n<\/div>","protected":false},"excerpt":{"rendered":"<p>[vc_row css=&#8221;.vc_custom_1534588396610{padding-top: 90px !important;}&#8221;][vc_column][vc_row_inner css=&#8221;.vc_custom_1529159823291{padding-bottom: 70px !important;}&#8221;][vc_column_inner width=&#8221;1\/2&#8243;][\/vc_column_inner][vc_column_inner width=&#8221;1\/2&#8243;][\/vc_column_inner][\/vc_row_inner][\/vc_column][\/vc_row][vc_row full_width=&#8221;stretch_row_content&#8221; css=&#8221;.vc_custom_1534850667267{background-color: #f7f7f7 !important;}&#8221;][vc_column][\/vc_column][\/vc_row][vc_row css=&#8221;.vc_custom_1529464930805{padding-top: 92px !important;}&#8221;][vc_column][vc_row_inner el_class=&#8221;why-choose-us section-right-bg&#8221; css=&#8221;.vc_custom_1747404230324{margin-bottom: 50px !important;padding-bottom: 100px !important;background-image: url(https:\/\/www.liorgest.pt\/wp-content\/uploads\/2025\/05\/A_digital_photograph_optimized_under_2MB.png?id=2936) !important;}&#8221;][vc_column_inner width=&#8221;1\/2&#8243;][\/vc_column_inner][vc_column_inner width=&#8221;1\/2&#8243;][\/vc_column_inner][\/vc_row_inner][\/vc_column][\/vc_row]<\/p>\n","protected":false},"author":1,"featured_media":0,"parent":0,"menu_order":0,"comment_status":"closed","ping_status":"closed","template":"","meta":{"footnotes":"","_links_to":"","_links_to_target":""},"class_list":["post-2699","page","type-page","status-publish","hentry"],"_links":{"self":[{"href":"https:\/\/www.liorgest.pt\/index.php\/wp-json\/wp\/v2\/pages\/2699","targetHints":{"allow":["GET"]}}],"collection":[{"href":"https:\/\/www.liorgest.pt\/index.php\/wp-json\/wp\/v2\/pages"}],"about":[{"href":"https:\/\/www.liorgest.pt\/index.php\/wp-json\/wp\/v2\/types\/page"}],"author":[{"embeddable":true,"href":"https:\/\/www.liorgest.pt\/index.php\/wp-json\/wp\/v2\/users\/1"}],"replies":[{"embeddable":true,"href":"https:\/\/www.liorgest.pt\/index.php\/wp-json\/wp\/v2\/comments?post=2699"}],"version-history":[{"count":26,"href":"https:\/\/www.liorgest.pt\/index.php\/wp-json\/wp\/v2\/pages\/2699\/revisions"}],"predecessor-version":[{"id":3517,"href":"https:\/\/www.liorgest.pt\/index.php\/wp-json\/wp\/v2\/pages\/2699\/revisions\/3517"}],"wp:attachment":[{"href":"https:\/\/www.liorgest.pt\/index.php\/wp-json\/wp\/v2\/media?parent=2699"}],"curies":[{"name":"wp","href":"https:\/\/api.w.org\/{rel}","templated":true}]}}