{"id":3241,"date":"2025-03-11T14:52:21","date_gmt":"2025-03-11T14:52:21","guid":{"rendered":"https:\/\/www.liorgest.pt\/?page_id=3241"},"modified":"2025-06-11T22:16:33","modified_gmt":"2025-06-11T22:16:33","slug":"politica-privacidade-2","status":"publish","type":"page","link":"https:\/\/www.liorgest.pt\/index.php\/politica-privacidade-2\/","title":{"rendered":"Resolu\u00e7\u00e3o Alternativa de Lit\u00edgios"},"content":{"rendered":"<div class=\"wpb-content-wrapper\"><p>[vc_row css=&#8221;.vc_custom_1748361079738{margin-top: 100px !important;}&#8221;][vc_column][vc_column_text css=&#8221;&#8221;]<\/p>\n<h2 class=\"wp-block-heading\">Resolu\u00e7\u00e3o Alternativa de Lit\u00edgios<\/h2>\n<p>A Uni\u00e3o Europeia criou um site de apoio aos consumidores para que possam apresentar as suas reclama\u00e7\u00f5es sobre qualquer lit\u00edgio em que estejam envolvidos. Desta forma, a Liorgest disponibiliza toda a informa\u00e7\u00e3o para que possa exercer o seu direito de reclama\u00e7\u00e3o junto de uma entidade oficial, terceira e imparcial ao processo em quest\u00e3o, designada \u201cEntidade Alternativa de Resolu\u00e7\u00e3o de Lit\u00edgios de Consumo\u201d.<\/p>\n<p>&nbsp;<\/p>\n<p><b>O que \u00e9 a Resolu\u00e7\u00e3o Alternativa de Lit\u00edgios de Consumo e o que s\u00e3o Entidades de Resolu\u00e7\u00e3o Alternativa de Lit\u00edgios de Consumo?<\/b><\/p>\n<p>A Resolu\u00e7\u00e3o Alternativa de Lit\u00edgios, abrange a media\u00e7\u00e3o, a concilia\u00e7\u00e3o e a arbitragem de lit\u00edgios de consumo em Portugal. As entidades RAL s\u00e3o as entidades autorizadas a efetuar a media\u00e7\u00e3o, concilia\u00e7\u00e3o e arbitragem que devem estar inscritas na lista de entidades RAL prevista pela Lei n.\u00ba 144\/2015. S\u00e3o entidades independentes, com pessoal especializado, que, de modo imparcial, por um lado, ajudam o consumidor e a empresa a chegar a uma solu\u00e7\u00e3o amig\u00e1vel por via da media\u00e7\u00e3o ou da concilia\u00e7\u00e3o ou, por outro lado, caso esse acordo n\u00e3o seja alcan\u00e7ado, permitem que seja tomada uma decis\u00e3o por \u00e1rbitros num processo simples e r\u00e1pido, por via da arbitragem.<\/p>\n<h2>\u00a0<\/h2>\n<p><b>Quando posso recorrer \u00e0 resolu\u00e7\u00e3o extrajudicial de lit\u00edgios atrav\u00e9s de uma entidade RAL?<\/b><\/p>\n<p>Em face de um problema com um fornecedor de bens ou prestador de servi\u00e7os, e no caso de n\u00e3o chegarem a acordo, o consumidor pode iniciar o processo contra o fornecedor junto de uma entidade RAL, desde que:<\/p>\n<h2>\u00a0<\/h2>\n<p>\u2013 Os mesmos sejam iniciados por um consumidor contra um fornecedor de bens ou prestador de servi\u00e7os;<\/p>\n<p>\u2013 Respeitem a obriga\u00e7\u00f5es contratuais resultante de contratos de compra e venda ou de presta\u00e7\u00f5es de servi\u00e7os;<\/p>\n<p>\u2013 O contrato seja celebrado entre um fornecedor de bens ou prestador de servi\u00e7os e consumidores estabelecidos e residentes, respetivamente, em Portugal e na Uni\u00e3o Europeia.<\/p>\n<h2>\u00a0<\/h2>\n<p><b>Qual a entidade de Resolu\u00e7\u00e3o Alternativa de Lit\u00edgios de Consumo a que pode recorrer por causa de um lit\u00edgio?<\/b><\/p>\n<p>&nbsp;<\/p>\n<p>CNIACC \u2013 Centro Nacional de Informa\u00e7\u00e3o e Arbitragem de Conflitos de Consumo<\/p>\n<p>Site: http:\/\/www.arbitragemdeconsumo.org\/<\/p>\n<p>https:\/\/www.facebook.com\/cniacc<\/p>\n<p>Para mais informa\u00e7\u00f5es em Portal do Consumidor: www.consumidor.pt<\/p>\n<p>\u00a0<\/p>\n<p>[\/vc_column_text][\/vc_column][\/vc_row]<\/p>\n<\/div>","protected":false},"excerpt":{"rendered":"<p>[vc_row css=&#8221;.vc_custom_1748361079738{margin-top: 100px !important;}&#8221;][vc_column][vc_column_text css=&#8221;&#8221;] Resolu\u00e7\u00e3o Alternativa de Lit\u00edgios A Uni\u00e3o Europeia criou um site de apoio aos consumidores para que possam apresentar as suas reclama\u00e7\u00f5es sobre qualquer lit\u00edgio em que estejam envolvidos. Desta forma, a Liorgest disponibiliza toda a informa\u00e7\u00e3o para que possa exercer o seu direito de reclama\u00e7\u00e3o junto de uma entidade oficial, [&hellip;]<\/p>\n","protected":false},"author":1,"featured_media":0,"parent":0,"menu_order":0,"comment_status":"closed","ping_status":"closed","template":"","meta":{"footnotes":"","_links_to":"","_links_to_target":""},"class_list":["post-3241","page","type-page","status-publish","hentry"],"_links":{"self":[{"href":"https:\/\/www.liorgest.pt\/index.php\/wp-json\/wp\/v2\/pages\/3241","targetHints":{"allow":["GET"]}}],"collection":[{"href":"https:\/\/www.liorgest.pt\/index.php\/wp-json\/wp\/v2\/pages"}],"about":[{"href":"https:\/\/www.liorgest.pt\/index.php\/wp-json\/wp\/v2\/types\/page"}],"author":[{"embeddable":true,"href":"https:\/\/www.liorgest.pt\/index.php\/wp-json\/wp\/v2\/users\/1"}],"replies":[{"embeddable":true,"href":"https:\/\/www.liorgest.pt\/index.php\/wp-json\/wp\/v2\/comments?post=3241"}],"version-history":[{"count":6,"href":"https:\/\/www.liorgest.pt\/index.php\/wp-json\/wp\/v2\/pages\/3241\/revisions"}],"predecessor-version":[{"id":3460,"href":"https:\/\/www.liorgest.pt\/index.php\/wp-json\/wp\/v2\/pages\/3241\/revisions\/3460"}],"wp:attachment":[{"href":"https:\/\/www.liorgest.pt\/index.php\/wp-json\/wp\/v2\/media?parent=3241"}],"curies":[{"name":"wp","href":"https:\/\/api.w.org\/{rel}","templated":true}]}}