{"id":8,"date":"2018-07-08T03:10:34","date_gmt":"2018-07-08T03:10:34","guid":{"rendered":"http:\/\/tf.themedraft.com\/wp\/xzopro\/?page_id=8"},"modified":"2025-06-13T10:55:54","modified_gmt":"2025-06-13T10:55:54","slug":"home","status":"publish","type":"page","link":"https:\/\/www.liorgest.pt\/","title":{"rendered":"P\u00e1gina Inicial"},"content":{"rendered":"<div class=\"wpb-content-wrapper\"><p>[vc_row full_width=&#8221;stretch_row_content_no_spaces&#8221; css=&#8221;.vc_custom_1746987485412{background-color: #EEEEEE !important;}&#8221;][vc_column]\n\n\n        <script>\n\t        jQuery(window).load(function(){\n                var homeslider = jQuery(\"#slider-wrapper\");\n\n\t            homeslider.owlCarousel({\n\t                items: 1,\n\t                loop: true,\n\t                autoplay: true,\n\t                autoplayTimeout: 4000,\n\t                nav: true,\n\t                smartSpeed:1000,\n                            animateIn: \"fadeIn\",\n                            animateOut: \"fadeOut\",\n\t                dots: true,\n\t                mouseDrag: false,\n\t                navText: [\"<i class='fa fa-angle-left'><\/i>\", \"<i class='fa fa-angle-right'><\/i>\"],\n\t            });\n\t            homeslider.on(\"translate.owl.carousel\", function(){\n                    var layer = jQuery(\"[data-animation]\");\n                    layer.each(function() {\n                        var anim_name = jQuery(this).data(\"animation\");\n                        jQuery(this).removeClass(\"animated \" + anim_name).css(\"opacity\", \"0\");\n                    });\n                });\n\n                jQuery(\"[data-delay]\").each(function () {\n                    var anim_del = jQuery(this).data(\"delay\");\n                    jQuery(this).css(\"animation-delay\", anim_del);\n                });\n\n                jQuery(\"[data-duration]\").each(function () {\n                    var anim_dur = jQuery(this).data(\"duration\");\n                    jQuery(this).css(\"animation-duration\", anim_dur);\n                });\n\n                homeslider.on(\"translated.owl.carousel\", function () {\n                    var layer = homeslider.find(\".owl-item.active\").find(\"[data-animation]\");\n                    layer.each(function () {\n                        var anim_name = jQuery(this).data(\"animation\");\n                        jQuery(this).addClass(\"animated \" + anim_name).css(\"opacity\", \"1\");\n                    });\n                });            \n\t        })\n\t    <\/script>\n\t    \n        <div class=\"slider-main-wrapper vc_custom_1749724416276\">\n            <div id=\"slider-wrapper\" class=\"slider-wrapper owl-carousel\">    \n                <div class=\"single-slide-item\" style=\"background-image: url(https:\/\/www.liorgest.pt\/wp-content\/uploads\/2025\/03\/Imagem-Predio-3.png)\"><div class=\"slider-overlay\" style=\"background: #ffffff; opacity: 0\"><\/div>    \n                    <div class=\"slide-content-wrapper \">\n                        <div class=\"container\">\n                            <div class=\"row\">\n                                <div class=\"col-xl-8 col-lg-9 offset-xl-0 offset-lg-0 col-md-10 col-11\"><div data-animation=\"fadeInUp\" data-duration=\".4s\" data-delay=\".6s\"><div class=\"slide-content\">\n<div class=\"container\">\n<div class=\"row\">\n<div class=\"col-lg-12\">\n<div class=\"slide-text-inner\">\n<h1 class=\"slide-title activated fadeInUp\" style=\"color: #27325c;\" data-animation=\"fadeInUp\" data-duration=\"0.8s\">Servi\u00e7os de Administra\u00e7\u00e3o e Gest\u00e3o de Condom\u00ednios<\/h1>\n<p class=\"slide-subtitle\" style=\"color: #27325c;\">Encontre o plano ideal para si e para o seu condom\u00ednio.<\/p>\n<\/div>\n<\/div>\n<\/div>\n<\/div>\n<\/div>\n<\/div>\n                                            <a data-animation=\"fadeInUp\" data-duration=\".4s\" data-delay=\".9s\" href=\"https:\/\/www.liorgest.pt\/index.php\/servicos\/\" target=\"_self\" class=\"xzopro-btn slider-btn fill-btn\">SAIBA MAIS<\/a>\n                                            <a data-animation=\"fadeInUp\" data-duration=\".4s\" data-delay=\".9s\" href=\"https:\/\/www.liorgest.pt\/index.php\/proposta\/\" target=\"_self\" class=\"xzopro-btn slider-btn fill-btn\">PE\u00c7A A SUA PROPOSTA<\/a>\n                                <\/div>\n                            <\/div>\n                        <\/div>\n                    <\/div>\n                <\/div>\n                \n                <div class=\"single-slide-item\" style=\"background-image: url(https:\/\/www.liorgest.pt\/wp-content\/uploads\/2018\/07\/download-1.jpg)\"><div class=\"slider-overlay\" style=\"background: rgba(0,0,0,0.01); opacity: 0\"><\/div>    \n                    <div class=\"slide-content-wrapper \">\n                        <div class=\"container\">\n                            <div class=\"row\">\n                                <div class=\"col-xl-8 col-lg-9 offset-xl-0 offset-lg-0 col-md-10 col-11\">\n                                        <h2 class=\"slide-title\" data-animation=\"fadeInUp\" data-duration=\".4s\">Rigor, Efici\u00eancia e Proximidade<\/h2><div data-animation=\"fadeInUp\" data-duration=\".4s\" data-delay=\".6s\"><p>Trabalhamos lado a lado com cada cliente para garantir uma gest\u00e3o rigorosa e transparente.<\/p>\n<\/div>\n                                <\/div>\n                            <\/div>\n                        <\/div>\n                    <\/div>\n                <\/div>\n                \n                <div class=\"single-slide-item\" style=\"background-image: url(https:\/\/www.liorgest.pt\/wp-content\/uploads\/2018\/07\/future-building-construction-engineering-project_31965-16205.avif)\"><div class=\"slider-overlay\" style=\"background: rgba(0,0,0,0.01); opacity: 0\"><\/div>    \n                    <div class=\"slide-content-wrapper \">\n                        <div class=\"container\">\n                            <div class=\"row\">\n                                <div class=\"col-xl-8 col-lg-9 offset-xl-0 offset-lg-0 col-md-10 col-11\"><div data-animation=\"fadeInUp\" data-duration=\".4s\" data-delay=\".6s\"><h2 class=\"slide-title activated fadeInUp\" data-duration=\"0.85s\" style=\"color: #27325C;\">\n  Liorgest: Solu\u00e7\u00f5es Que Duram<br \/>\n<\/h2>\n<p class=\"slide-subtitle\" style=\"color: #27325C;\">\n  Intervimos com efic\u00e1cia em manuten\u00e7\u00e3o, repara\u00e7\u00e3o e pequenas obras, para valorizar o seu patrim\u00f3nio.<\/p>\n<\/div>\n                                <\/div>\n                            <\/div>\n                        <\/div>\n                    <\/div>\n                <\/div>\n                \n            <\/div>\n        <\/div> [\/vc_column][\/vc_row][vc_row css=&#8221;.vc_custom_1534588396610{padding-top: 90px !important;}&#8221;][vc_column]\n        <div class=\"section-title-wrapper \" style=\"color: #696969\">\n            <div class=\"row text-center\">\n                <div class=\"col-xl-6 offset-xl-3 col-lg-8 offset-lg-2 col-md-10 offset-md-1\">  \n                    <h2 class=\"section-title\" style=\"color:#27325C\">Sobre N\u00f3s<\/h2>\n                    <ul class=\"title-shape no-list-style text-center\">\n                        <li style=\"background: #27325C\"><\/li>\n                        <li style=\"background: #27325C\"><\/li>\n                        <li style=\"background: #27325C\"><\/li>\n                    <\/ul>\n                    <p>A Liorgest \u00e9 uma empresa especializada em gest\u00e3o de condom\u00ednios, residenciais e empresariais, que atua no Porto, Aveiro e Viseu. Tamb\u00e9m prestamos servi\u00e7os de administra\u00e7\u00e3o de propriedades e gest\u00e3o de arrendamentos a n\u00edvel Nacional.<\/p>\n\n                <\/div>\n            <\/div>   \n        <\/div>\n    [vc_row_inner css=&#8221;.vc_custom_1529159823291{padding-bottom: 70px !important;}&#8221;][vc_column_inner width=&#8221;1\/3&#8243;]\n        <div class=\"single-about-box-wrap \">\n            <div class=\"about-box-content\">\n                <div class=\"about-box-top-icon\">\n                    <i class=\"flaticon-finance-avatar\"><\/i>\n                <\/div>\n                <h5>A nossa Equipa<\/h5>\n                <p>Na Liorgest, tem ao seu servi\u00e7o uma equipa de profissionais, jovem, competente, empenhada e din\u00e2mica, apostamos sempre na forma\u00e7\u00e3o dos nossos elementos de modo a<br \/>\npoder prestar o melhor servi\u00e7o, com rigor e transpar\u00eancia.<\/p>\n\n                <a href=\"https:\/\/www.liorgest.pt\/index.php\/sobre-nos\/\" class=\"about-box-link\">\n                    <i class=\"fa fa-angle-right\"><\/i>\n                <\/a>   \n            <\/div>\n        <\/div>\n    [\/vc_column_inner][vc_column_inner width=&#8221;1\/3&#8243;]\n        <div class=\"single-about-box-wrap \">\n            <div class=\"about-box-content\">\n                <div class=\"about-box-top-icon\">\n                    <i class=\"flaticon-xzopro-settings\"><\/i>\n                <\/div>\n                <h5>Os nossos servi\u00e7os<\/h5>\n                <p>A Liorgest oferece servi\u00e7os para senhorios (gest\u00e3o de arrendamento de longa dura\u00e7\u00e3o) bem como de administra\u00e7\u00e3o de condom\u00ednios. Para ambos os casos, temos ao seu dispor dois planos, o base e o premium, de modo a proporcionar o m\u00e1ximo conforto aos nossos clientes.<\/p>\n\n                <a href=\"https:\/\/www.liorgest.pt\/index.php\/servicos\/\" class=\"about-box-link\">\n                    <i class=\"fa fa-angle-right\"><\/i>\n                <\/a>   \n            <\/div>\n        <\/div>\n    [\/vc_column_inner][vc_column_inner width=&#8221;1\/3&#8243;]\n        <div class=\"single-about-box-wrap \">\n            <div class=\"about-box-content\">\n                <div class=\"about-box-top-icon\">\n                    <i class=\"flaticon-xzopro-phone-call\"><\/i>\n                <\/div>\n                <h5>Contacte-nos<\/h5>\n                <p>A equipa da Liorgest estar\u00e1 sempre ao seu dispor para qualquer tipo de d\u00favida, seja sobre os nossos servi\u00e7os e planos de situa\u00e7\u00f5es de arrendamento e condom\u00ednios ou sobre o seu pedido de or\u00e7amento.<br \/>\nN\u00e3o hesite em contactar.<\/p>\n\n                <a href=\"https:\/\/www.liorgest.pt\/index.php\/contactos\/\" class=\"about-box-link\">\n                    <i class=\"fa fa-angle-right\"><\/i>\n                <\/a>   \n            <\/div>\n        <\/div>\n    [\/vc_column_inner][\/vc_row_inner][\/vc_column][\/vc_row][vc_row full_width=&#8221;stretch_row_content&#8221; css=&#8221;.vc_custom_1747403646595{background-color: #f7f7f7 !important;}&#8221;][vc_column]\n        <div class=\"cta-wrapper \">\n            <div class=\"container\">\n                <div class=\"row\">\n                    <div class=\"col-xl-8 col-lg-8 col-md-9\">\n                        <h4>Conceda ao seu patrim\u00f3nio uma gest\u00e3o qualificada<\/h4>\n                        <p>Conhe\u00e7a os nossos servi\u00e7os e solicite or\u00e7amentos.<\/p>\n                    <\/div>\n                    \n                    <div class=\"col-xl-4 col-lg-4 col-md-3\">\n                        <div class=\"cta-btn-wrap\">\n                            <a href=\"https:\/\/www.liorgest.pt\/index.php\/contactos\/\" class=\"xzopro-btn fill-btn cta-btn\">COMECE AGORA<\/a>\n                        <\/div>\n                    <\/div>\n                <\/div>\n            <\/div>\n        <\/div>\n    [\/vc_column][\/vc_row][vc_row css=&#8221;.vc_custom_1529464930805{padding-top: 92px !important;}&#8221;][vc_column]\n        <div class=\"section-title-wrapper \" style=\"color: #505050\">\n            <div class=\"row text-center\">\n                <div class=\"col-xl-6 offset-xl-3 col-lg-8 offset-lg-2 col-md-10 offset-md-1\">  \n                    <h2 class=\"section-title\" style=\"color:#27325C\">Porque escolher a Liorgest<\/h2>\n                    <ul class=\"title-shape no-list-style text-center\">\n                        <li style=\"background: #27325C\"><\/li>\n                        <li style=\"background: #27325C\"><\/li>\n                        <li style=\"background: #27325C\"><\/li>\n                    <\/ul>\n                    <p>A Liorgest presta um servi\u00e7o de qualidade, com efici\u00eancia e discri\u00e7\u00e3o, que proporciona conforto e seguran\u00e7a a todos quantos vivem, trabalham ou frequentam os espa\u00e7os que administramos.<\/p>\n\n                <\/div>\n            <\/div>   \n        <\/div>\n    [vc_row_inner el_class=&#8221;why-choose-us section-right-bg&#8221; css=&#8221;.vc_custom_1747394573739{margin-bottom: 50px !important;padding-bottom: 100px !important;background-image: url(https:\/\/www.liorgest.pt\/wp-content\/uploads\/2025\/05\/A_digital_photograph_optimized_under_2MB.png?id=2936) !important;}&#8221;][vc_column_inner width=&#8221;1\/2&#8243;]\n        <div class=\"single-choose-us-box \">\n            <div class=\"choose_us-content-wrapper\">\n                <div class=\"choose-us-box-icon\">\n                    <i class=\"flaticon-xzopro-transport\"><\/i>\n                <\/div>\n                <div class=\"choose_us-box-content\">\n                    <h4>Excelente Performance<\/h4>\n                    <p>Compromisso cont\u00ednuo com a excel\u00eancia na gest\u00e3o e opera\u00e7\u00e3o.<\/p>\n\n                <\/div>\n            <\/div>\n        <\/div>\n    \n        <div class=\"single-choose-us-box \">\n            <div class=\"choose_us-content-wrapper\">\n                <div class=\"choose-us-box-icon\">\n                    <i class=\"flaticon-xzopro-analytics\"><\/i>\n                <\/div>\n                <div class=\"choose_us-box-content\">\n                    <h4>Responsabilidade nos Neg\u00f3cios<\/h4>\n                    <p>Conduta \u00e9tica e foco nos interesses dos nossos clientes.<\/p>\n\n                <\/div>\n            <\/div>\n        <\/div>\n    \n        <div class=\"single-choose-us-box \">\n            <div class=\"choose_us-content-wrapper\">\n                <div class=\"choose-us-box-icon\">\n                    <i class=\"flaticon-xzopro-help\"><\/i>\n                <\/div>\n                <div class=\"choose_us-box-content\">\n                    <h4>Servi\u00e7o de Suporte 24X7<\/h4>\n                    <p>Assist\u00eancia cont\u00ednua sempre que precisar, sem interrup\u00e7\u00f5es.<\/p>\n\n                <\/div>\n            <\/div>\n        <\/div>\n    [\/vc_column_inner][\/vc_row_inner][\/vc_column][\/vc_row][vc_row full_width=&#8221;stretch_row&#8221; css=&#8221;.vc_custom_1534853220712{padding-top: 60px !important;padding-bottom: 65px !important;background-color: #f7f7f7 !important;}&#8221;][vc_column width=&#8221;1\/3&#8243;]\n\t\t<div class=\"counter-box-table \">\n            <div class=\"counter-box-cell\">    \n                <div class=\"single-counter-box\" style=\"color: #27325C\">\n                    <div class=\"count-content\">\n                        <div class=\"count-icon\">\n                            <i class=\"flaticon-sam-stats-1\"><\/i>\n                        <\/div>\n                        <div class=\"count-number\">70<\/div><span><\/span>\n                        <div class=\"count-text\">Condom\u00ednios<\/div>\n                    <\/div>\n                <\/div>            \n            <\/div>\n\t\t<\/div>\n    [\/vc_column][vc_column width=&#8221;1\/3&#8243;]\n\t\t<div class=\"counter-box-table \">\n            <div class=\"counter-box-cell\">    \n                <div class=\"single-counter-box\" style=\"color: #27325C\">\n                    <div class=\"count-content\">\n                        <div class=\"count-icon\">\n                            <i class=\"flaticon-new-boy-smiling\"><\/i>\n                        <\/div>\n                        <div class=\"count-number\">1965<\/div><span><\/span>\n                        <div class=\"count-text\">Cond\u00f3minos<\/div>\n                    <\/div>\n                <\/div>            \n            <\/div>\n\t\t<\/div>\n    [\/vc_column][vc_column width=&#8221;1\/3&#8243;]\n\t\t<div class=\"counter-box-table \">\n            <div class=\"counter-box-cell\">    \n                <div class=\"single-counter-box\" style=\"color: #27325C\">\n                    <div class=\"count-content\">\n                        <div class=\"count-icon\">\n                            <i class=\"flaticon-new-team\"><\/i>\n                        <\/div>\n                        <div class=\"count-number\">6<\/div><span><\/span>\n                        <div class=\"count-text\">Membros Equipa<\/div>\n                    <\/div>\n                <\/div>            \n            <\/div>\n\t\t<\/div>\n    [\/vc_column][\/vc_row][vc_row css=&#8221;.vc_custom_1529464820242{padding-top: 92px !important;}&#8221;][vc_column]\n        <div class=\"section-title-wrapper \" style=\"color: #505050\">\n            <div class=\"row text-center\">\n                <div class=\"col-xl-6 offset-xl-3 col-lg-8 offset-lg-2 col-md-10 offset-md-1\">  \n                    <h2 class=\"section-title\" style=\"color:#27325C\">Entre em contacto<\/h2>\n                    <ul class=\"title-shape no-list-style text-center\">\n                        <li style=\"background: #27325C\"><\/li>\n                        <li style=\"background: #27325C\"><\/li>\n                        <li style=\"background: #27325C\"><\/li>\n                    <\/ul>\n                    <p>A Liorgest fica, desde j\u00e1 ao seu dispor e sem qualquer compromisso, para qualquer informa\u00e7\u00e3o ou esclarecimento adicional<\/p>\n\n                <\/div>\n            <\/div>   \n        <\/div>\n    [vc_row_inner el_class=&#8221;bg-hide-on-small section-left-image&#8221; css=&#8221;.vc_custom_1747394696904{margin-top: -20px !important;margin-bottom: 50px !important;padding-bottom: 60px !important;background-image: url(https:\/\/www.liorgest.pt\/wp-content\/uploads\/2025\/05\/246b9c78bc59baf9338238d72903afe6.jpg?id=2933) !important;}&#8221;][vc_column_inner width=&#8221;1\/2&#8243;][\/vc_column_inner][vc_column_inner width=&#8221;1\/2&#8243;]\n<div class=\"wpcf7 no-js\" id=\"wpcf7-f170-o1\" lang=\"en-US\" dir=\"ltr\" data-wpcf7-id=\"170\">\n<div class=\"screen-reader-response\"><p role=\"status\" aria-live=\"polite\" aria-atomic=\"true\"><\/p> <ul><\/ul><\/div>\n<form action=\"\/index.php\/wp-json\/wp\/v2\/pages\/8#wpcf7-f170-o1\" method=\"post\" class=\"wpcf7-form init\" aria-label=\"Contact form\" novalidate=\"novalidate\" data-status=\"init\">\n<div style=\"display: none;\">\n<input type=\"hidden\" name=\"_wpcf7\" value=\"170\" \/>\n<input type=\"hidden\" name=\"_wpcf7_version\" value=\"6.0.6\" \/>\n<input type=\"hidden\" name=\"_wpcf7_locale\" value=\"en_US\" \/>\n<input type=\"hidden\" name=\"_wpcf7_unit_tag\" value=\"wpcf7-f170-o1\" \/>\n<input type=\"hidden\" name=\"_wpcf7_container_post\" value=\"0\" \/>\n<input type=\"hidden\" name=\"_wpcf7_posted_data_hash\" value=\"\" \/>\n<\/div>\n<div class=\"xzopro-contact-form-1\">\n\t<div class=\"row\">\n\t\t<div class=\"col-lg-6\">\n\t\t\t<p><span class=\"wpcf7-form-control-wrap\" data-name=\"sendername\"><input size=\"40\" maxlength=\"400\" class=\"wpcf7-form-control wpcf7-text wpcf7-validates-as-required\" aria-required=\"true\" aria-invalid=\"false\" placeholder=\"Nome*\" value=\"\" type=\"text\" name=\"sendername\" \/><\/span>\n\t\t\t<\/p>\n\t\t<\/div>\n\t\t<div class=\"col-lg-6\">\n\t\t\t<p><span class=\"wpcf7-form-control-wrap\" data-name=\"senderemail\"><input size=\"40\" maxlength=\"400\" class=\"wpcf7-form-control wpcf7-email wpcf7-validates-as-required wpcf7-text wpcf7-validates-as-email\" aria-required=\"true\" aria-invalid=\"false\" placeholder=\"Email*\" value=\"\" type=\"email\" name=\"senderemail\" \/><\/span>\n\t\t\t<\/p>\n\t\t<\/div>\n\t\t<div class=\"col-lg-12\">\n\t\t\t<p><span class=\"wpcf7-form-control-wrap\" data-name=\"sendermobile\"><input size=\"40\" maxlength=\"400\" class=\"wpcf7-form-control wpcf7-text\" aria-invalid=\"false\" placeholder=\"Contacto\" value=\"\" type=\"text\" name=\"sendermobile\" \/><\/span>\n\t\t\t<\/p>\n\t\t<\/div>\n\t\t<div class=\"col-lg-12\">\n\t\t\t<p><span class=\"wpcf7-form-control-wrap\" data-name=\"sendermessage\"><textarea cols=\"40\" rows=\"10\" maxlength=\"2000\" class=\"wpcf7-form-control wpcf7-textarea wpcf7-validates-as-required\" aria-required=\"true\" aria-invalid=\"false\" placeholder=\"Mensagem*\" name=\"sendermessage\"><\/textarea><\/span>\n\t\t\t<\/p>\n\t\t<\/div>\n\t\t<div class=\"col-lg-12\">\n\t\t\t<div id=\"cf7sr-6a04f089832e2\" class=\"cf7sr-g-recaptcha\" data-theme=\"light\" data-type=\"image\" data-size=\"normal\" data-sitekey=\"6Lc870orAAAAADzISj3ht7ViO6EEexkzj5nEmXri\"><\/div><span class=\"wpcf7-form-control-wrap cf7sr-recaptcha\" data-name=\"cf7sr-recaptcha\"><input type=\"hidden\" name=\"cf7sr-recaptcha\" value=\"\" class=\"wpcf7-form-control\"><\/span>\n\t\t\t<\/p>\n\t\t<\/div>\n\t\t<div class=\"col-lg-12\">\n\t\t\t<p><input class=\"wpcf7-form-control wpcf7-submit has-spinner\" type=\"submit\" value=\"ENVIAR MENSAGEM\" \/>\n\t\t\t<\/p>\n\t\t<\/div>\n\t<\/div>\n<\/div><p style=\"display: none !important;\" class=\"akismet-fields-container\" data-prefix=\"_wpcf7_ak_\"><label>&#916;<textarea name=\"_wpcf7_ak_hp_textarea\" cols=\"45\" rows=\"8\" maxlength=\"100\"><\/textarea><\/label><input type=\"hidden\" id=\"ak_js_1\" name=\"_wpcf7_ak_js\" value=\"109\"\/><script>document.getElementById( \"ak_js_1\" ).setAttribute( \"value\", ( new Date() ).getTime() );<\/script><\/p><div class=\"wpcf7-response-output\" aria-hidden=\"true\"><\/div>\n<\/form>\n<\/div>\n[\/vc_column_inner][\/vc_row_inner][\/vc_column][\/vc_row][vc_row full_width=&#8221;stretch_row_content_no_spaces&#8221; css=&#8221;.vc_custom_1748260055703{margin-bottom: 50px !important;}&#8221;][vc_column]\n        <div class=\"xzopro-googlemap\" id=\"xzopro-googlemap157598002\" style=\"height:450px; width:100%\"><\/div>\n        <script src=\"https:\/\/maps.googleapis.com\/maps\/api\/js?key=AIzaSyDAJaogcLDS-zWE4UDpnELFiRRpRCtRONs\"><\/script>\n\n        <script>\n        var locations157598002 = [[\"<h4><b>LIORGEST<\/b><\/h4>Pra\u00e7a General Humberto Delgado 267<br>4000-288 Porto\", 41.149380,-8.611450],];\n        var mapcenter157598002={lat:41.149380,lng:-8.611450};\n\n        function initialize() {\n            var xzopromap157598002 = {\n                center:mapcenter157598002,\n                zoom: 16,\n                mapTypeId:google.maps.MapTypeId.ROADMAP\n            };\n\n            var map=new google.maps.Map(document.getElementById(\"xzopro-googlemap157598002\"),xzopromap157598002);\n\n            var infowindow = new google.maps.InfoWindow();\n\n            var marker, i;\n\n            for (i = 0; i < locations157598002.length; i++){  \n                marker = new google.maps.Marker({\n                    position: new google.maps.LatLng(locations157598002[i][1], locations157598002[i][2]),\n                    icon:\"\",animation:google.maps.Animation.BOUNCE,\n                    map: map\n                });\n\n                var infowindow = new google.maps.InfoWindow({\n                  content: locations157598002[i][0],\n                  maxWidth: 160\n                });\n            google.maps.event.addListener(marker, \"click\", (function(marker, i) {\n                return function() {\n                    infowindow.setContent(locations157598002[i][0]);\n                    infowindow.open(map, marker);\n                }\n            })(marker, i));\n        \n            }\n            marker.setMap(map);\n              \n        }\n\n        google.maps.event.addDomListener(window, \"load\", initialize); <\/script>\n    [\/vc_column][\/vc_row]<\/p>\n<\/div>","protected":false},"excerpt":{"rendered":"<p>[vc_row full_width=&#8221;stretch_row_content_no_spaces&#8221; css=&#8221;.vc_custom_1746987485412{background-color: #EEEEEE !important;}&#8221;][vc_column][\/vc_column][\/vc_row][vc_row css=&#8221;.vc_custom_1534588396610{padding-top: 90px !important;}&#8221;][vc_column][vc_row_inner css=&#8221;.vc_custom_1529159823291{padding-bottom: 70px !important;}&#8221;][vc_column_inner width=&#8221;1\/3&#8243;][\/vc_column_inner][vc_column_inner width=&#8221;1\/3&#8243;][\/vc_column_inner][vc_column_inner width=&#8221;1\/3&#8243;][\/vc_column_inner][\/vc_row_inner][\/vc_column][\/vc_row][vc_row full_width=&#8221;stretch_row_content&#8221; css=&#8221;.vc_custom_1747403646595{background-color: #f7f7f7 !important;}&#8221;][vc_column][\/vc_column][\/vc_row][vc_row css=&#8221;.vc_custom_1529464930805{padding-top: 92px !important;}&#8221;][vc_column][vc_row_inner el_class=&#8221;why-choose-us section-right-bg&#8221; css=&#8221;.vc_custom_1747394573739{margin-bottom: 50px !important;padding-bottom: 100px !important;background-image: url(https:\/\/www.liorgest.pt\/wp-content\/uploads\/2025\/05\/A_digital_photograph_optimized_under_2MB.png?id=2936) !important;}&#8221;][vc_column_inner width=&#8221;1\/2&#8243;][\/vc_column_inner][\/vc_row_inner][\/vc_column][\/vc_row][vc_row full_width=&#8221;stretch_row&#8221; css=&#8221;.vc_custom_1534853220712{padding-top: 60px !important;padding-bottom: 65px !important;background-color: #f7f7f7 !important;}&#8221;][vc_column width=&#8221;1\/3&#8243;][\/vc_column][vc_column width=&#8221;1\/3&#8243;][\/vc_column][vc_column width=&#8221;1\/3&#8243;][\/vc_column][\/vc_row][vc_row css=&#8221;.vc_custom_1529464820242{padding-top: 92px !important;}&#8221;][vc_column][vc_row_inner el_class=&#8221;bg-hide-on-small section-left-image&#8221; css=&#8221;.vc_custom_1747394696904{margin-top: -20px !important;margin-bottom: 50px !important;padding-bottom: 60px !important;background-image: url(https:\/\/www.liorgest.pt\/wp-content\/uploads\/2025\/05\/246b9c78bc59baf9338238d72903afe6.jpg?id=2933) [&hellip;]<\/p>\n","protected":false},"author":1,"featured_media":0,"parent":0,"menu_order":0,"comment_status":"closed","ping_status":"closed","template":"","meta":{"footnotes":"","_links_to":"","_links_to_target":""},"class_list":["post-8","page","type-page","status-publish","hentry"],"_links":{"self":[{"href":"https:\/\/www.liorgest.pt\/index.php\/wp-json\/wp\/v2\/pages\/8","targetHints":{"allow":["GET"]}}],"collection":[{"href":"https:\/\/www.liorgest.pt\/index.php\/wp-json\/wp\/v2\/pages"}],"about":[{"href":"https:\/\/www.liorgest.pt\/index.php\/wp-json\/wp\/v2\/types\/page"}],"author":[{"embeddable":true,"href":"https:\/\/www.liorgest.pt\/index.php\/wp-json\/wp\/v2\/users\/1"}],"replies":[{"embeddable":true,"href":"https:\/\/www.liorgest.pt\/index.php\/wp-json\/wp\/v2\/comments?post=8"}],"version-history":[{"count":138,"href":"https:\/\/www.liorgest.pt\/index.php\/wp-json\/wp\/v2\/pages\/8\/revisions"}],"predecessor-version":[{"id":3504,"href":"https:\/\/www.liorgest.pt\/index.php\/wp-json\/wp\/v2\/pages\/8\/revisions\/3504"}],"wp:attachment":[{"href":"https:\/\/www.liorgest.pt\/index.php\/wp-json\/wp\/v2\/media?parent=8"}],"curies":[{"name":"wp","href":"https:\/\/api.w.org\/{rel}","templated":true}]}}